{"id":1361,"date":"2024-09-23T16:41:41","date_gmt":"2024-09-23T19:41:41","guid":{"rendered":"http:\/\/www.internationalfinanceconference.org\/ifc2025\/?page_id=1361"},"modified":"2026-02-18T18:10:15","modified_gmt":"2026-02-18T21:10:15","slug":"comite-editorial","status":"publish","type":"page","link":"https:\/\/www.internationalfinanceconference.com\/ifc2026\/comite-editorial\/","title":{"rendered":"Comit\u00e9 editorial"},"content":{"rendered":"\t\t<div data-elementor-type=\"wp-page\" data-elementor-id=\"1361\" class=\"elementor elementor-1361\">\n\t\t\t\t\t\t\t\t\t<section class=\"elementor-section elementor-top-section elementor-element elementor-element-a06cd0c elementor-section-height-min-height elementor-section-boxed elementor-section-height-default elementor-section-items-middle\" data-id=\"a06cd0c\" data-element_type=\"section\" data-settings=\"{&quot;background_background&quot;:&quot;classic&quot;}\">\n\t\t\t\t\t\t\t<div class=\"elementor-background-overlay\"><\/div>\n\t\t\t\t\t\t\t<div class=\"elementor-container elementor-column-gap-default\">\n\t\t\t\t\t<div class=\"elementor-column elementor-col-100 elementor-top-column elementor-element elementor-element-85c820f\" data-id=\"85c820f\" data-element_type=\"column\">\n\t\t\t<div class=\"elementor-widget-wrap elementor-element-populated\">\n\t\t\t\t\t\t\t\t<section class=\"elementor-section elementor-inner-section elementor-element elementor-element-67a4128 elementor-section-boxed elementor-section-height-default elementor-section-height-default\" data-id=\"67a4128\" data-element_type=\"section\">\n\t\t\t\t\t\t<div class=\"elementor-container elementor-column-gap-default\">\n\t\t\t\t\t<div class=\"elementor-column elementor-col-33 elementor-inner-column elementor-element elementor-element-134009e\" data-id=\"134009e\" data-element_type=\"column\">\n\t\t\t<div class=\"elementor-widget-wrap elementor-element-populated\">\n\t\t\t\t\t\t\t\t<div class=\"elementor-element elementor-element-0b9adef elementor-widget-divider--view-line elementor-widget elementor-widget-divider\" data-id=\"0b9adef\" data-element_type=\"widget\" data-widget_type=\"divider.default\">\n\t\t\t\t<div class=\"elementor-widget-container\">\n\t\t\t<style>\/*! elementor - v3.6.3 - 12-04-2022 *\/\n.elementor-widget-divider{--divider-border-style:none;--divider-border-width:1px;--divider-color:#2c2c2c;--divider-icon-size:20px;--divider-element-spacing:10px;--divider-pattern-height:24px;--divider-pattern-size:20px;--divider-pattern-url:none;--divider-pattern-repeat:repeat-x}.elementor-widget-divider .elementor-divider{display:-webkit-box;display:-ms-flexbox;display:flex}.elementor-widget-divider .elementor-divider__text{font-size:15px;line-height:1;max-width:95%}.elementor-widget-divider .elementor-divider__element{margin:0 var(--divider-element-spacing);-ms-flex-negative:0;flex-shrink:0}.elementor-widget-divider .elementor-icon{font-size:var(--divider-icon-size)}.elementor-widget-divider .elementor-divider-separator{display:-webkit-box;display:-ms-flexbox;display:flex;margin:0;direction:ltr}.elementor-widget-divider--view-line_icon .elementor-divider-separator,.elementor-widget-divider--view-line_text .elementor-divider-separator{-webkit-box-align:center;-ms-flex-align:center;align-items:center}.elementor-widget-divider--view-line_icon .elementor-divider-separator:after,.elementor-widget-divider--view-line_icon .elementor-divider-separator:before,.elementor-widget-divider--view-line_text .elementor-divider-separator:after,.elementor-widget-divider--view-line_text .elementor-divider-separator:before{display:block;content:\"\";border-bottom:0;-webkit-box-flex:1;-ms-flex-positive:1;flex-grow:1;border-top:var(--divider-border-width) var(--divider-border-style) var(--divider-color)}.elementor-widget-divider--element-align-left .elementor-divider .elementor-divider-separator>.elementor-divider__svg:first-of-type{-webkit-box-flex:0;-ms-flex-positive:0;flex-grow:0;-ms-flex-negative:100;flex-shrink:100}.elementor-widget-divider--element-align-left .elementor-divider-separator:before{content:none}.elementor-widget-divider--element-align-left .elementor-divider__element{margin-left:0}.elementor-widget-divider--element-align-right .elementor-divider .elementor-divider-separator>.elementor-divider__svg:last-of-type{-webkit-box-flex:0;-ms-flex-positive:0;flex-grow:0;-ms-flex-negative:100;flex-shrink:100}.elementor-widget-divider--element-align-right .elementor-divider-separator:after{content:none}.elementor-widget-divider--element-align-right .elementor-divider__element{margin-right:0}.elementor-widget-divider:not(.elementor-widget-divider--view-line_text):not(.elementor-widget-divider--view-line_icon) .elementor-divider-separator{border-top:var(--divider-border-width) var(--divider-border-style) var(--divider-color)}.elementor-widget-divider--separator-type-pattern{--divider-border-style:none}.elementor-widget-divider--separator-type-pattern.elementor-widget-divider--view-line .elementor-divider-separator,.elementor-widget-divider--separator-type-pattern:not(.elementor-widget-divider--view-line) .elementor-divider-separator:after,.elementor-widget-divider--separator-type-pattern:not(.elementor-widget-divider--view-line) .elementor-divider-separator:before,.elementor-widget-divider--separator-type-pattern:not([class*=elementor-widget-divider--view]) .elementor-divider-separator{width:100%;min-height:var(--divider-pattern-height);-webkit-mask-size:var(--divider-pattern-size) 100%;mask-size:var(--divider-pattern-size) 100%;-webkit-mask-repeat:var(--divider-pattern-repeat);mask-repeat:var(--divider-pattern-repeat);background-color:var(--divider-color);-webkit-mask-image:var(--divider-pattern-url);mask-image:var(--divider-pattern-url)}.elementor-widget-divider--no-spacing{--divider-pattern-size:auto}.elementor-widget-divider--bg-round{--divider-pattern-repeat:round}.rtl .elementor-widget-divider .elementor-divider__text{direction:rtl}<\/style>\t\t<div class=\"elementor-divider\">\n\t\t\t<span class=\"elementor-divider-separator\">\n\t\t\t\t\t\t<\/span>\n\t\t<\/div>\n\t\t\t\t<\/div>\n\t\t\t\t<\/div>\n\t\t\t\t\t<\/div>\n\t\t<\/div>\n\t\t\t\t<div class=\"elementor-column elementor-col-33 elementor-inner-column elementor-element elementor-element-8745e93\" data-id=\"8745e93\" data-element_type=\"column\">\n\t\t\t<div class=\"elementor-widget-wrap elementor-element-populated\">\n\t\t\t\t\t\t\t\t<div class=\"elementor-element elementor-element-fc8762e elementor-widget elementor-widget-heading\" data-id=\"fc8762e\" data-element_type=\"widget\" data-widget_type=\"heading.default\">\n\t\t\t\t<div class=\"elementor-widget-container\">\n\t\t\t<style>\/*! elementor - v3.6.3 - 12-04-2022 *\/\n.elementor-heading-title{padding:0;margin:0;line-height:1}.elementor-widget-heading .elementor-heading-title[class*=elementor-size-]>a{color:inherit;font-size:inherit;line-height:inherit}.elementor-widget-heading .elementor-heading-title.elementor-size-small{font-size:15px}.elementor-widget-heading .elementor-heading-title.elementor-size-medium{font-size:19px}.elementor-widget-heading .elementor-heading-title.elementor-size-large{font-size:29px}.elementor-widget-heading .elementor-heading-title.elementor-size-xl{font-size:39px}.elementor-widget-heading .elementor-heading-title.elementor-size-xxl{font-size:59px}<\/style><h2 class=\"elementor-heading-title elementor-size-default\">Editores de las revistas afiliadas<\/h2>\t\t<\/div>\n\t\t\t\t<\/div>\n\t\t\t\t\t<\/div>\n\t\t<\/div>\n\t\t\t\t<div class=\"elementor-column elementor-col-33 elementor-inner-column elementor-element elementor-element-fa25bb0\" data-id=\"fa25bb0\" data-element_type=\"column\">\n\t\t\t<div class=\"elementor-widget-wrap elementor-element-populated\">\n\t\t\t\t\t\t\t\t<div class=\"elementor-element elementor-element-5501d0a elementor-widget-divider--view-line elementor-widget elementor-widget-divider\" data-id=\"5501d0a\" data-element_type=\"widget\" data-widget_type=\"divider.default\">\n\t\t\t\t<div class=\"elementor-widget-container\">\n\t\t\t\t\t<div class=\"elementor-divider\">\n\t\t\t<span class=\"elementor-divider-separator\">\n\t\t\t\t\t\t<\/span>\n\t\t<\/div>\n\t\t\t\t<\/div>\n\t\t\t\t<\/div>\n\t\t\t\t\t<\/div>\n\t\t<\/div>\n\t\t\t\t\t\t\t<\/div>\n\t\t<\/section>\n\t\t\t\t<div class=\"elementor-element elementor-element-5a8549e elementor-widget elementor-widget-spacer\" data-id=\"5a8549e\" data-element_type=\"widget\" data-widget_type=\"spacer.default\">\n\t\t\t\t<div class=\"elementor-widget-container\">\n\t\t\t<style>\/*! elementor - v3.6.3 - 12-04-2022 *\/\n.e-container.e-container--row .elementor-spacer-inner{width:var(--spacer-size)}.e-container.e-container--column .elementor-spacer-inner,.elementor-column .elementor-spacer-inner{height:var(--spacer-size)}<\/style>\t\t<div class=\"elementor-spacer\">\n\t\t\t<div class=\"elementor-spacer-inner\"><\/div>\n\t\t<\/div>\n\t\t\t\t<\/div>\n\t\t\t\t<\/div>\n\t\t\t\t\t<\/div>\n\t\t<\/div>\n\t\t\t\t\t\t\t<\/div>\n\t\t<\/section>\n\t\t\t\t<section class=\"elementor-section elementor-top-section elementor-element elementor-element-1f3f73c elementor-section-boxed elementor-section-height-default elementor-section-height-default\" data-id=\"1f3f73c\" data-element_type=\"section\">\n\t\t\t\t\t\t<div class=\"elementor-container elementor-column-gap-default\">\n\t\t\t\t\t<div class=\"elementor-column elementor-col-100 elementor-top-column elementor-element elementor-element-96d9556\" data-id=\"96d9556\" data-element_type=\"column\">\n\t\t\t<div class=\"elementor-widget-wrap elementor-element-populated\">\n\t\t\t\t\t\t\t\t<section class=\"elementor-section elementor-inner-section elementor-element elementor-element-ff8ec84 elementor-section-boxed elementor-section-height-default elementor-section-height-default\" data-id=\"ff8ec84\" data-element_type=\"section\">\n\t\t\t\t\t\t<div class=\"elementor-container elementor-column-gap-wider\">\n\t\t\t\t\t<div class=\"elementor-column elementor-col-50 elementor-inner-column elementor-element elementor-element-f634561\" data-id=\"f634561\" data-element_type=\"column\">\n\t\t\t<div class=\"elementor-widget-wrap elementor-element-populated\">\n\t\t\t\t\t\t\t\t<div class=\"elementor-element elementor-element-6b89f7e elementor-widget elementor-widget-image\" data-id=\"6b89f7e\" data-element_type=\"widget\" data-widget_type=\"image.default\">\n\t\t\t\t<div class=\"elementor-widget-container\">\n\t\t\t<style>\/*! elementor - v3.6.3 - 12-04-2022 *\/\n.elementor-widget-image{text-align:center}.elementor-widget-image a{display:inline-block}.elementor-widget-image a img[src$=\".svg\"]{width:48px}.elementor-widget-image img{vertical-align:middle;display:inline-block}<\/style>\t\t\t\t\t\t\t\t\t\t\t\t<img width=\"150\" height=\"150\" src=\"https:\/\/www.internationalfinanceconference.com\/ifc2026\/wp-content\/uploads\/16\/2026\/02\/dubcovsky-150x150.jpg\" class=\"attachment-thumbnail size-thumbnail\" alt=\"\" srcset=\"https:\/\/www.internationalfinanceconference.com\/ifc2026\/wp-content\/uploads\/16\/2026\/02\/dubcovsky-100x100.jpg 100w, https:\/\/www.internationalfinanceconference.com\/ifc2026\/wp-content\/uploads\/16\/2026\/02\/dubcovsky-150x150.jpg 150w, https:\/\/www.internationalfinanceconference.com\/ifc2026\/wp-content\/uploads\/16\/2026\/02\/dubcovsky.jpg 200w\" sizes=\"100vw\" \/>\t\t\t\t\t\t\t\t\t\t\t\t\t\t\t<\/div>\n\t\t\t\t<\/div>\n\t\t\t\t<div class=\"elementor-element elementor-element-d6796c9 elementor-widget elementor-widget-heading\" data-id=\"d6796c9\" data-element_type=\"widget\" data-widget_type=\"heading.default\">\n\t\t\t\t<div class=\"elementor-widget-container\">\n\t\t\t<h2 class=\"elementor-heading-title elementor-size-default\">Gerardo Dubcovsky<\/h2>\t\t<\/div>\n\t\t\t\t<\/div>\n\t\t\t\t<div class=\"elementor-element elementor-element-9bd0a24 elementor-widget elementor-widget-heading\" data-id=\"9bd0a24\" data-element_type=\"widget\" data-widget_type=\"heading.default\">\n\t\t\t\t<div class=\"elementor-widget-container\">\n\t\t\t<h2 class=\"elementor-heading-title elementor-size-default\">Coeditor<br>\nRevista Mexicana de Econom\u00eda y Finanzas (REMEF)\n\n<\/h2>\t\t<\/div>\n\t\t\t\t<\/div>\n\t\t\t\t<div class=\"elementor-element elementor-element-6e6cd24 elementor-widget elementor-widget-text-editor\" data-id=\"6e6cd24\" data-element_type=\"widget\" data-widget_type=\"text-editor.default\">\n\t\t\t\t<div class=\"elementor-widget-container\">\n\t\t\t<style>\/*! elementor - v3.6.3 - 12-04-2022 *\/\n.elementor-widget-text-editor.elementor-drop-cap-view-stacked .elementor-drop-cap{background-color:#818a91;color:#fff}.elementor-widget-text-editor.elementor-drop-cap-view-framed .elementor-drop-cap{color:#818a91;border:3px solid;background-color:transparent}.elementor-widget-text-editor:not(.elementor-drop-cap-view-default) .elementor-drop-cap{margin-top:8px}.elementor-widget-text-editor:not(.elementor-drop-cap-view-default) .elementor-drop-cap-letter{width:1em;height:1em}.elementor-widget-text-editor .elementor-drop-cap{float:left;text-align:center;line-height:1;font-size:50px}.elementor-widget-text-editor .elementor-drop-cap-letter{display:inline-block}<\/style>\t\t\t\t<p><span style=\"font-weight: 400;\">Es Doctor en Administraci\u00f3n con especialidad en Finanzas graduado con Menci\u00f3n Honor\u00edfica en el Tecnol\u00f3gico de Monterrey en colaboraci\u00f3n con la Universidad de Texas en Austin.\u00a0<\/span><\/p><p><span style=\"font-weight: 400;\">Hizo su Maestr\u00eda en Econom\u00eda en El Colegio de M\u00e9xico obteniendo el Primer lugar de la promoci\u00f3n.<\/span><\/p><p><span style=\"font-weight: 400;\">Actualmente el Dr. Dubcovsky se desempe\u00f1a como Coeditor de la Revista Mexicana de Econom\u00eda y Finanzas, REMEF, perteneciente a SCOPUS y a las revistas de excelencia cient\u00edfica del CONAHCYT. Asimismo es Consejero Directivo de la Fundaci\u00f3n de Investigaci\u00f3n IMEF, Instituto Mexicano de Ejecutivos en Finanzas.<\/span><\/p><p><span style=\"font-weight: 400;\">Los \u00faltimos treinta ha sido docente en los niveles de licenciatura, maestr\u00eda y doctorado en diversos pa\u00edses e instituciones obteniendo en tres ocasiones la distinci\u00f3n anual como mejor profesor de posgrado.<\/span><\/p><p><span style=\"font-weight: 400;\">Ha sido Vicerrector Institucional de la Universidad del Valle de M\u00e9xico y la Universidad Tecnol\u00f3gica de M\u00e9xico.<\/span><\/p>\t\t\t\t\t\t<\/div>\n\t\t\t\t<\/div>\n\t\t\t\t\t<\/div>\n\t\t<\/div>\n\t\t\t\t<div class=\"elementor-column elementor-col-50 elementor-inner-column elementor-element elementor-element-0af5bfd\" data-id=\"0af5bfd\" data-element_type=\"column\">\n\t\t\t<div class=\"elementor-widget-wrap elementor-element-populated\">\n\t\t\t\t\t\t\t\t<div class=\"elementor-element elementor-element-657ec3a elementor-widget elementor-widget-image\" data-id=\"657ec3a\" data-element_type=\"widget\" data-widget_type=\"image.default\">\n\t\t\t\t<div class=\"elementor-widget-container\">\n\t\t\t\t\t\t\t\t\t\t\t\t\t\t\t<img width=\"150\" height=\"150\" src=\"https:\/\/www.internationalfinanceconference.com\/ifc2026\/wp-content\/uploads\/16\/2026\/02\/chavez-150x150.jpg\" class=\"attachment-thumbnail size-thumbnail\" alt=\"\" srcset=\"https:\/\/www.internationalfinanceconference.com\/ifc2026\/wp-content\/uploads\/16\/2026\/02\/chavez-100x100.jpg 100w, https:\/\/www.internationalfinanceconference.com\/ifc2026\/wp-content\/uploads\/16\/2026\/02\/chavez-150x150.jpg 150w, https:\/\/www.internationalfinanceconference.com\/ifc2026\/wp-content\/uploads\/16\/2026\/02\/chavez.jpg 200w\" sizes=\"100vw\" \/>\t\t\t\t\t\t\t\t\t\t\t\t\t\t\t<\/div>\n\t\t\t\t<\/div>\n\t\t\t\t<div class=\"elementor-element elementor-element-569e287 elementor-widget elementor-widget-heading\" data-id=\"569e287\" data-element_type=\"widget\" data-widget_type=\"heading.default\">\n\t\t\t\t<div class=\"elementor-widget-container\">\n\t\t\t<h2 class=\"elementor-heading-title elementor-size-default\">Luis Ch\u00e1vez Bedoya\n<\/h2>\t\t<\/div>\n\t\t\t\t<\/div>\n\t\t\t\t<div class=\"elementor-element elementor-element-9284b54 elementor-widget elementor-widget-heading\" data-id=\"9284b54\" data-element_type=\"widget\" data-widget_type=\"heading.default\">\n\t\t\t\t<div class=\"elementor-widget-container\">\n\t\t\t<h2 class=\"elementor-heading-title elementor-size-default\">Editor<br>\nJournal of Economics, Finance, and Administrative Sciences\n\n<\/h2>\t\t<\/div>\n\t\t\t\t<\/div>\n\t\t\t\t<div class=\"elementor-element elementor-element-6cbf0b5 elementor-widget elementor-widget-text-editor\" data-id=\"6cbf0b5\" data-element_type=\"widget\" data-widget_type=\"text-editor.default\">\n\t\t\t\t<div class=\"elementor-widget-container\">\n\t\t\t\t\t\t\t<p><span style=\"font-weight: 400;\">Profesor asociado, investigador y director de Investigaci\u00f3n de la Universidad ESAN. Es Ph. D. y MS en Industrial Engineering and Management Sciences por la Northwestern University, Illinois, Estados Unidos; mag\u00edster en Matem\u00e1ticas con menci\u00f3n en Procesos Estoc\u00e1sticos e ingeniero industrial por la Pontificia Universidad Cat\u00f3lica del Per\u00fa. Actualmente, es editor in chief del Journal of Economics, Finance and Administrative Science (Q1 en Scopus).<\/span><\/p><p><span style=\"font-weight: 400;\">Se ha desempe\u00f1ado como jefe del \u00e1rea acad\u00e9mica de Finanzas en la ESAN Graduate School of Business y como profesor investigador del Master Program in Financial Mathematics en The Johns Hopkins University, Maryland, Estados Unidos. Adem\u00e1s, es profesor visitante en la Universidad de Pforzheim, Alemania. Sus \u00e1reas de investigaci\u00f3n son ingenier\u00eda financiera, administraci\u00f3n de riesgos, fondos de pensiones y m\u00e9todos cuantitativos en administraci\u00f3n. Ha publicado art\u00edculos de investigaci\u00f3n en diversas revistas acad\u00e9micas prestigiosas de las \u00e1reas de econom\u00eda y finanzas.<\/span><\/p>\t\t\t\t\t\t<\/div>\n\t\t\t\t<\/div>\n\t\t\t\t\t<\/div>\n\t\t<\/div>\n\t\t\t\t\t\t\t<\/div>\n\t\t<\/section>\n\t\t\t\t<section class=\"elementor-section elementor-inner-section elementor-element elementor-element-30b1571 elementor-section-boxed elementor-section-height-default elementor-section-height-default\" data-id=\"30b1571\" data-element_type=\"section\">\n\t\t\t\t\t\t<div class=\"elementor-container elementor-column-gap-wider\">\n\t\t\t\t\t<div class=\"elementor-column elementor-col-50 elementor-inner-column elementor-element elementor-element-905fc5b\" data-id=\"905fc5b\" data-element_type=\"column\">\n\t\t\t<div class=\"elementor-widget-wrap elementor-element-populated\">\n\t\t\t\t\t\t\t\t<div class=\"elementor-element elementor-element-2b42591 elementor-widget elementor-widget-image\" data-id=\"2b42591\" data-element_type=\"widget\" data-widget_type=\"image.default\">\n\t\t\t\t<div class=\"elementor-widget-container\">\n\t\t\t\t\t\t\t\t\t\t\t\t\t\t\t<img width=\"150\" height=\"150\" src=\"https:\/\/www.internationalfinanceconference.com\/ifc2026\/wp-content\/uploads\/16\/2026\/02\/winker-150x150.jpg\" class=\"attachment-thumbnail size-thumbnail\" alt=\"\" srcset=\"https:\/\/www.internationalfinanceconference.com\/ifc2026\/wp-content\/uploads\/16\/2026\/02\/winker-100x100.jpg 100w, https:\/\/www.internationalfinanceconference.com\/ifc2026\/wp-content\/uploads\/16\/2026\/02\/winker-150x150.jpg 150w, https:\/\/www.internationalfinanceconference.com\/ifc2026\/wp-content\/uploads\/16\/2026\/02\/winker.jpg 200w\" sizes=\"100vw\" \/>\t\t\t\t\t\t\t\t\t\t\t\t\t\t\t<\/div>\n\t\t\t\t<\/div>\n\t\t\t\t<div class=\"elementor-element elementor-element-9fd0104 elementor-widget elementor-widget-heading\" data-id=\"9fd0104\" data-element_type=\"widget\" data-widget_type=\"heading.default\">\n\t\t\t\t<div class=\"elementor-widget-container\">\n\t\t\t<h2 class=\"elementor-heading-title elementor-size-default\">Diego Winkelried, Ph.D.<\/h2>\t\t<\/div>\n\t\t\t\t<\/div>\n\t\t\t\t<div class=\"elementor-element elementor-element-6a4197b elementor-widget elementor-widget-heading\" data-id=\"6a4197b\" data-element_type=\"widget\" data-widget_type=\"heading.default\">\n\t\t\t\t<div class=\"elementor-widget-container\">\n\t\t\t<h2 class=\"elementor-heading-title elementor-size-default\">Editor asociado<br>\nRevista Oxford Development Studies<\/h2>\t\t<\/div>\n\t\t\t\t<\/div>\n\t\t\t\t<div class=\"elementor-element elementor-element-260853a elementor-widget elementor-widget-text-editor\" data-id=\"260853a\" data-element_type=\"widget\" data-widget_type=\"text-editor.default\">\n\t\t\t\t<div class=\"elementor-widget-container\">\n\t\t\t\t\t\t\t<p>Diego Winkelried es profesor principal, jefe del Departamento Acad\u00e9mico de Finanzas, y miembro del Centro de Investigaci\u00f3n de la Universidad del Pac\u00edfico.\u00a0<span style=\"font-size: 1rem;\">Es PhD y MPhil en Econom\u00eda por University of Cambridge (Inglaterra), y licenciado en Econom\u00eda por la Universidad del Pac\u00edfico.\u00a0<\/span><\/p><p><span style=\"font-size: 1rem;\">Es editor asociado de la revista Oxford Development Studies. Ha sido jefe del Departamento de Modelos Macroecon\u00f3micos del Banco Central de Reserva del Per\u00fa. Tambi\u00e9n ha sido becario de la Bill and Melinda Gates Foundation y Scholar de St John&#8217;s College, Cambridge. Su investigaci\u00f3n incluye temas de pol\u00edtica monetaria, finanzas internacionales, econom\u00eda del desarrollo y m\u00e9todos cuantitativos.<\/span><\/p><p><span style=\"font-size: 1rem;\">Sus art\u00edculos han aparecido en revistas especializadas como Emerging Markets Review, Journal of International Money and Finance, Journal of Development Economics, International Journal of Central Banking, entre otras. Su investigaci\u00f3n ha sido acreedora de distinciones y premios internacionales, donde destacan varias ediciones del Premio Rodrigo G\u00f3mez del Centro de Estudios Monetarios Latinoamericanos.<\/span><\/p>\t\t\t\t\t\t<\/div>\n\t\t\t\t<\/div>\n\t\t\t\t\t<\/div>\n\t\t<\/div>\n\t\t\t\t<div class=\"elementor-column elementor-col-50 elementor-inner-column elementor-element elementor-element-975e8fb\" data-id=\"975e8fb\" data-element_type=\"column\">\n\t\t\t<div class=\"elementor-widget-wrap elementor-element-populated\">\n\t\t\t\t\t\t\t\t<div class=\"elementor-element elementor-element-74a9718 elementor-widget elementor-widget-image\" data-id=\"74a9718\" data-element_type=\"widget\" data-widget_type=\"image.default\">\n\t\t\t\t<div class=\"elementor-widget-container\">\n\t\t\t\t\t\t\t\t\t\t\t\t\t\t\t<img width=\"150\" height=\"150\" src=\"https:\/\/www.internationalfinanceconference.com\/ifc2026\/wp-content\/uploads\/16\/2026\/02\/eceheverrry-150x150.jpg\" class=\"attachment-thumbnail size-thumbnail\" alt=\"\" srcset=\"https:\/\/www.internationalfinanceconference.com\/ifc2026\/wp-content\/uploads\/16\/2026\/02\/eceheverrry-100x100.jpg 100w, https:\/\/www.internationalfinanceconference.com\/ifc2026\/wp-content\/uploads\/16\/2026\/02\/eceheverrry-150x150.jpg 150w, https:\/\/www.internationalfinanceconference.com\/ifc2026\/wp-content\/uploads\/16\/2026\/02\/eceheverrry.jpg 200w\" sizes=\"100vw\" \/>\t\t\t\t\t\t\t\t\t\t\t\t\t\t\t<\/div>\n\t\t\t\t<\/div>\n\t\t\t\t<div class=\"elementor-element elementor-element-3b990fb elementor-widget elementor-widget-heading\" data-id=\"3b990fb\" data-element_type=\"widget\" data-widget_type=\"heading.default\">\n\t\t\t\t<div class=\"elementor-widget-container\">\n\t\t\t<h2 class=\"elementor-heading-title elementor-size-default\">Alejandro Echeverri-Rubio, Phd.\n<\/h2>\t\t<\/div>\n\t\t\t\t<\/div>\n\t\t\t\t<div class=\"elementor-element elementor-element-600d665 elementor-widget elementor-widget-heading\" data-id=\"600d665\" data-element_type=\"widget\" data-widget_type=\"heading.default\">\n\t\t\t\t<div class=\"elementor-widget-container\">\n\t\t\t<h2 class=\"elementor-heading-title elementor-size-default\">Director<br>\nDoctorado en Administraci\u00f3n - U. Manizales\n\n<\/h2>\t\t<\/div>\n\t\t\t\t<\/div>\n\t\t\t\t<div class=\"elementor-element elementor-element-7cce184 elementor-widget elementor-widget-text-editor\" data-id=\"7cce184\" data-element_type=\"widget\" data-widget_type=\"text-editor.default\">\n\t\t\t\t<div class=\"elementor-widget-container\">\n\t\t\t\t\t\t\t<p>Profesor Titular de la Facultad de Ciencias Econ\u00f3micas y Administrativas de la Universidad de Cuenca por 15 a\u00f1os, tiempo en el cual ha impartido varios cursos de teor\u00eda y pol\u00edtica econ\u00f3mica.\u00a0<\/p><p>En el a\u00f1o 2015 inicia su camino en la gesti\u00f3n universitaria como vicedecano y luego como Decano de Facultad entre 2016 y 2019, sentando las bases de significativos logros que han contribuido al avance de esta.\u00a0<span style=\"font-size: 1rem;\">Asimismo, ha liderado 5 proyectos de investigaci\u00f3n de fondos concursables internos y participado en varios programas nacionales e internacionales.\u00a0<\/span><\/p><p><span style=\"font-size: 1rem;\">Desde 2020 est\u00e1 al frente de la gesti\u00f3n investigativa, primero como coordinador de facultad y ahora como director del Departamento de Econom\u00eda, Empresa y Desarrollo Sostenible. Entre sus publicaciones sobresalen 20 art\u00edculos cient\u00edficos en revistas indexadas especializadas, tres libros y ocho cap\u00edtulos de libros. Destaca tambi\u00e9n su activa participaci\u00f3n en medios de comunicaci\u00f3n como analista econ\u00f3mico de la realidad nacional.<\/span><\/p>\t\t\t\t\t\t<\/div>\n\t\t\t\t<\/div>\n\t\t\t\t\t<\/div>\n\t\t<\/div>\n\t\t\t\t\t\t\t<\/div>\n\t\t<\/section>\n\t\t\t\t\t<\/div>\n\t\t<\/div>\n\t\t\t\t\t\t\t<\/div>\n\t\t<\/section>\n\t\t\t\t\t\t\t<\/div>\n\t\t","protected":false},"excerpt":{"rendered":"<p>Editores de las revistas afiliadas Gerardo Dubcovsky Coeditor Revista Mexicana de Econom\u00eda y Finanzas (REMEF) Es Doctor en Administraci\u00f3n con especialidad en Finanzas graduado con Menci\u00f3n Honor\u00edfica en el Tecnol\u00f3gico de Monterrey en colaboraci\u00f3n con la Universidad de Texas en Austin.\u00a0 Hizo su Maestr\u00eda en Econom\u00eda en El Colegio de M\u00e9xico obteniendo el Primer lugar &hellip; <\/p>\n<p class=\"link-more\"><a href=\"https:\/\/www.internationalfinanceconference.com\/ifc2026\/comite-editorial\/\" class=\"more-link\">Segu\u00ed leyendo<span class=\"screen-reader-text\"> &#8220;Comit\u00e9 editorial&#8221;<\/span><\/a><\/p>\n","protected":false},"author":5,"featured_media":0,"parent":0,"menu_order":0,"comment_status":"closed","ping_status":"closed","template":"elementor_header_footer","meta":[],"_links":{"self":[{"href":"https:\/\/www.internationalfinanceconference.com\/ifc2026\/wp-json\/wp\/v2\/pages\/1361"}],"collection":[{"href":"https:\/\/www.internationalfinanceconference.com\/ifc2026\/wp-json\/wp\/v2\/pages"}],"about":[{"href":"https:\/\/www.internationalfinanceconference.com\/ifc2026\/wp-json\/wp\/v2\/types\/page"}],"author":[{"embeddable":true,"href":"https:\/\/www.internationalfinanceconference.com\/ifc2026\/wp-json\/wp\/v2\/users\/5"}],"replies":[{"embeddable":true,"href":"https:\/\/www.internationalfinanceconference.com\/ifc2026\/wp-json\/wp\/v2\/comments?post=1361"}],"version-history":[{"count":34,"href":"https:\/\/www.internationalfinanceconference.com\/ifc2026\/wp-json\/wp\/v2\/pages\/1361\/revisions"}],"predecessor-version":[{"id":2110,"href":"https:\/\/www.internationalfinanceconference.com\/ifc2026\/wp-json\/wp\/v2\/pages\/1361\/revisions\/2110"}],"wp:attachment":[{"href":"https:\/\/www.internationalfinanceconference.com\/ifc2026\/wp-json\/wp\/v2\/media?parent=1361"}],"curies":[{"name":"wp","href":"https:\/\/api.w.org\/{rel}","templated":true}]}}