{"id":1830,"date":"2025-07-28T13:24:58","date_gmt":"2025-07-28T16:24:58","guid":{"rendered":"http:\/\/www.internationalfinanceconference.org\/ifc2025\/?page_id=1830"},"modified":"2025-07-28T15:05:24","modified_gmt":"2025-07-28T18:05:24","slug":"visita","status":"publish","type":"page","link":"https:\/\/www.internationalfinanceconference.com\/ifc2025\/visita\/","title":{"rendered":"Visita especial"},"content":{"rendered":"\t\t<div data-elementor-type=\"wp-page\" data-elementor-id=\"1830\" class=\"elementor elementor-1830\">\n\t\t\t\t\t\t\t\t\t<section class=\"elementor-section elementor-top-section elementor-element elementor-element-91d37e4 elementor-section-height-min-height elementor-section-boxed elementor-section-height-default elementor-section-items-middle\" data-id=\"91d37e4\" data-element_type=\"section\" data-settings=\"{&quot;background_background&quot;:&quot;classic&quot;}\">\n\t\t\t\t\t\t\t<div class=\"elementor-background-overlay\"><\/div>\n\t\t\t\t\t\t\t<div class=\"elementor-container elementor-column-gap-default\">\n\t\t\t\t\t<div class=\"elementor-column elementor-col-100 elementor-top-column elementor-element elementor-element-8373fe9\" data-id=\"8373fe9\" data-element_type=\"column\">\n\t\t\t<div class=\"elementor-widget-wrap elementor-element-populated\">\n\t\t\t\t\t\t\t\t<section class=\"elementor-section elementor-inner-section elementor-element elementor-element-b86ed75 elementor-section-boxed elementor-section-height-default elementor-section-height-default\" data-id=\"b86ed75\" data-element_type=\"section\">\n\t\t\t\t\t\t<div class=\"elementor-container elementor-column-gap-default\">\n\t\t\t\t\t<div class=\"elementor-column elementor-col-33 elementor-inner-column elementor-element elementor-element-90912d5\" data-id=\"90912d5\" data-element_type=\"column\">\n\t\t\t<div class=\"elementor-widget-wrap elementor-element-populated\">\n\t\t\t\t\t\t\t\t<div class=\"elementor-element elementor-element-1b279a6 elementor-widget-divider--view-line elementor-widget elementor-widget-divider\" data-id=\"1b279a6\" data-element_type=\"widget\" data-widget_type=\"divider.default\">\n\t\t\t\t<div class=\"elementor-widget-container\">\n\t\t\t<style>\/*! elementor - v3.6.3 - 12-04-2022 *\/\n.elementor-widget-divider{--divider-border-style:none;--divider-border-width:1px;--divider-color:#2c2c2c;--divider-icon-size:20px;--divider-element-spacing:10px;--divider-pattern-height:24px;--divider-pattern-size:20px;--divider-pattern-url:none;--divider-pattern-repeat:repeat-x}.elementor-widget-divider .elementor-divider{display:-webkit-box;display:-ms-flexbox;display:flex}.elementor-widget-divider .elementor-divider__text{font-size:15px;line-height:1;max-width:95%}.elementor-widget-divider .elementor-divider__element{margin:0 var(--divider-element-spacing);-ms-flex-negative:0;flex-shrink:0}.elementor-widget-divider .elementor-icon{font-size:var(--divider-icon-size)}.elementor-widget-divider .elementor-divider-separator{display:-webkit-box;display:-ms-flexbox;display:flex;margin:0;direction:ltr}.elementor-widget-divider--view-line_icon .elementor-divider-separator,.elementor-widget-divider--view-line_text .elementor-divider-separator{-webkit-box-align:center;-ms-flex-align:center;align-items:center}.elementor-widget-divider--view-line_icon .elementor-divider-separator:after,.elementor-widget-divider--view-line_icon .elementor-divider-separator:before,.elementor-widget-divider--view-line_text .elementor-divider-separator:after,.elementor-widget-divider--view-line_text .elementor-divider-separator:before{display:block;content:\"\";border-bottom:0;-webkit-box-flex:1;-ms-flex-positive:1;flex-grow:1;border-top:var(--divider-border-width) var(--divider-border-style) var(--divider-color)}.elementor-widget-divider--element-align-left .elementor-divider .elementor-divider-separator>.elementor-divider__svg:first-of-type{-webkit-box-flex:0;-ms-flex-positive:0;flex-grow:0;-ms-flex-negative:100;flex-shrink:100}.elementor-widget-divider--element-align-left .elementor-divider-separator:before{content:none}.elementor-widget-divider--element-align-left .elementor-divider__element{margin-left:0}.elementor-widget-divider--element-align-right .elementor-divider .elementor-divider-separator>.elementor-divider__svg:last-of-type{-webkit-box-flex:0;-ms-flex-positive:0;flex-grow:0;-ms-flex-negative:100;flex-shrink:100}.elementor-widget-divider--element-align-right .elementor-divider-separator:after{content:none}.elementor-widget-divider--element-align-right .elementor-divider__element{margin-right:0}.elementor-widget-divider:not(.elementor-widget-divider--view-line_text):not(.elementor-widget-divider--view-line_icon) .elementor-divider-separator{border-top:var(--divider-border-width) var(--divider-border-style) var(--divider-color)}.elementor-widget-divider--separator-type-pattern{--divider-border-style:none}.elementor-widget-divider--separator-type-pattern.elementor-widget-divider--view-line .elementor-divider-separator,.elementor-widget-divider--separator-type-pattern:not(.elementor-widget-divider--view-line) .elementor-divider-separator:after,.elementor-widget-divider--separator-type-pattern:not(.elementor-widget-divider--view-line) .elementor-divider-separator:before,.elementor-widget-divider--separator-type-pattern:not([class*=elementor-widget-divider--view]) .elementor-divider-separator{width:100%;min-height:var(--divider-pattern-height);-webkit-mask-size:var(--divider-pattern-size) 100%;mask-size:var(--divider-pattern-size) 100%;-webkit-mask-repeat:var(--divider-pattern-repeat);mask-repeat:var(--divider-pattern-repeat);background-color:var(--divider-color);-webkit-mask-image:var(--divider-pattern-url);mask-image:var(--divider-pattern-url)}.elementor-widget-divider--no-spacing{--divider-pattern-size:auto}.elementor-widget-divider--bg-round{--divider-pattern-repeat:round}.rtl .elementor-widget-divider .elementor-divider__text{direction:rtl}<\/style>\t\t<div class=\"elementor-divider\">\n\t\t\t<span class=\"elementor-divider-separator\">\n\t\t\t\t\t\t<\/span>\n\t\t<\/div>\n\t\t\t\t<\/div>\n\t\t\t\t<\/div>\n\t\t\t\t\t<\/div>\n\t\t<\/div>\n\t\t\t\t<div class=\"elementor-column elementor-col-33 elementor-inner-column elementor-element elementor-element-7d2d57e\" data-id=\"7d2d57e\" data-element_type=\"column\">\n\t\t\t<div class=\"elementor-widget-wrap elementor-element-populated\">\n\t\t\t\t\t\t\t\t<div class=\"elementor-element elementor-element-d993a17 elementor-widget elementor-widget-heading\" data-id=\"d993a17\" data-element_type=\"widget\" data-widget_type=\"heading.default\">\n\t\t\t\t<div class=\"elementor-widget-container\">\n\t\t\t<style>\/*! elementor - v3.6.3 - 12-04-2022 *\/\n.elementor-heading-title{padding:0;margin:0;line-height:1}.elementor-widget-heading .elementor-heading-title[class*=elementor-size-]>a{color:inherit;font-size:inherit;line-height:inherit}.elementor-widget-heading .elementor-heading-title.elementor-size-small{font-size:15px}.elementor-widget-heading .elementor-heading-title.elementor-size-medium{font-size:19px}.elementor-widget-heading .elementor-heading-title.elementor-size-large{font-size:29px}.elementor-widget-heading .elementor-heading-title.elementor-size-xl{font-size:39px}.elementor-widget-heading .elementor-heading-title.elementor-size-xxl{font-size:59px}<\/style><h2 class=\"elementor-heading-title elementor-size-default\">Visita Tur\u00edstica<\/h2>\t\t<\/div>\n\t\t\t\t<\/div>\n\t\t\t\t\t<\/div>\n\t\t<\/div>\n\t\t\t\t<div class=\"elementor-column elementor-col-33 elementor-inner-column elementor-element elementor-element-df6f14f\" data-id=\"df6f14f\" data-element_type=\"column\">\n\t\t\t<div class=\"elementor-widget-wrap elementor-element-populated\">\n\t\t\t\t\t\t\t\t<div class=\"elementor-element elementor-element-faa9cbf elementor-widget-divider--view-line elementor-widget elementor-widget-divider\" data-id=\"faa9cbf\" data-element_type=\"widget\" data-widget_type=\"divider.default\">\n\t\t\t\t<div class=\"elementor-widget-container\">\n\t\t\t\t\t<div class=\"elementor-divider\">\n\t\t\t<span class=\"elementor-divider-separator\">\n\t\t\t\t\t\t<\/span>\n\t\t<\/div>\n\t\t\t\t<\/div>\n\t\t\t\t<\/div>\n\t\t\t\t\t<\/div>\n\t\t<\/div>\n\t\t\t\t\t\t\t<\/div>\n\t\t<\/section>\n\t\t\t\t<div class=\"elementor-element elementor-element-b11b0d2 elementor-widget elementor-widget-spacer\" data-id=\"b11b0d2\" data-element_type=\"widget\" data-widget_type=\"spacer.default\">\n\t\t\t\t<div class=\"elementor-widget-container\">\n\t\t\t<style>\/*! elementor - v3.6.3 - 12-04-2022 *\/\n.e-container.e-container--row .elementor-spacer-inner{width:var(--spacer-size)}.e-container.e-container--column .elementor-spacer-inner,.elementor-column .elementor-spacer-inner{height:var(--spacer-size)}<\/style>\t\t<div class=\"elementor-spacer\">\n\t\t\t<div class=\"elementor-spacer-inner\"><\/div>\n\t\t<\/div>\n\t\t\t\t<\/div>\n\t\t\t\t<\/div>\n\t\t\t\t\t<\/div>\n\t\t<\/div>\n\t\t\t\t\t\t\t<\/div>\n\t\t<\/section>\n\t\t\t\t<section class=\"elementor-section elementor-top-section elementor-element elementor-element-8753c40 elementor-section-boxed elementor-section-height-default elementor-section-height-default\" data-id=\"8753c40\" data-element_type=\"section\">\n\t\t\t\t\t\t<div class=\"elementor-container elementor-column-gap-default\">\n\t\t\t\t\t<div class=\"elementor-column elementor-col-100 elementor-top-column elementor-element elementor-element-d13b97a\" data-id=\"d13b97a\" data-element_type=\"column\">\n\t\t\t<div class=\"elementor-widget-wrap elementor-element-populated\">\n\t\t\t\t\t\t\t\t<div class=\"elementor-element elementor-element-edb36d7 elementor-widget elementor-widget-text-editor\" data-id=\"edb36d7\" data-element_type=\"widget\" data-widget_type=\"text-editor.default\">\n\t\t\t\t<div class=\"elementor-widget-container\">\n\t\t\t<style>\/*! elementor - v3.6.3 - 12-04-2022 *\/\n.elementor-widget-text-editor.elementor-drop-cap-view-stacked .elementor-drop-cap{background-color:#818a91;color:#fff}.elementor-widget-text-editor.elementor-drop-cap-view-framed .elementor-drop-cap{color:#818a91;border:3px solid;background-color:transparent}.elementor-widget-text-editor:not(.elementor-drop-cap-view-default) .elementor-drop-cap{margin-top:8px}.elementor-widget-text-editor:not(.elementor-drop-cap-view-default) .elementor-drop-cap-letter{width:1em;height:1em}.elementor-widget-text-editor .elementor-drop-cap{float:left;text-align:center;line-height:1;font-size:50px}.elementor-widget-text-editor .elementor-drop-cap-letter{display:inline-block}<\/style>\t\t\t\t<p>En el coraz\u00f3n del Parque Nacional Cajas, rodeada de lagunas cristalinas, aire puro y la imponente belleza del p\u00e1ramo andino, se encuentra un destino \u00fanico:<br \/><strong><a href=\"https:\/\/hosteriadoschorreras.com\/\" target=\"_blank\" rel=\"noopener\">Hoster\u00eda Dos Chorreras<\/a>.<\/strong><\/p><p>Te invitamos a vivir una experiencia inolvidable junto a tu familia y amigos, en un entorno natural que despierta los sentidos y renueva el esp\u00edritu.<\/p><ul style=\"margin-left: 1em;\"><li><b>Fecha:<\/b> S\u00e1bado, 27 de septiembre de 2025<\/li><li><b>Lugar:<\/b> Hoster\u00eda Dos Chorreras \u2013 Parque Nacional Cajas<\/li><li><b>Hora:<\/b> 08:00 -17:00<\/li><li><b>Punto de encuentro:<\/b> Universidad de Cuenca Campus Central<\/li><\/ul><p>Disfruta de caminatas al aire libre, gastronom\u00eda t\u00edpica, actividades de aventura y el c\u00e1lido ambiente de monta\u00f1a que solo este rinc\u00f3n ecuatoriano puede ofrecer.<\/p>\t\t\t\t\t\t<\/div>\n\t\t\t\t<\/div>\n\t\t\t\t\t<\/div>\n\t\t<\/div>\n\t\t\t\t\t\t\t<\/div>\n\t\t<\/section>\n\t\t\t\t<section class=\"elementor-section elementor-top-section elementor-element elementor-element-e5d8a2c elementor-section-boxed elementor-section-height-default elementor-section-height-default\" data-id=\"e5d8a2c\" data-element_type=\"section\">\n\t\t\t\t\t\t<div class=\"elementor-container elementor-column-gap-default\">\n\t\t\t\t\t<div class=\"elementor-column elementor-col-50 elementor-top-column elementor-element elementor-element-12eb863\" data-id=\"12eb863\" data-element_type=\"column\">\n\t\t\t<div class=\"elementor-widget-wrap elementor-element-populated\">\n\t\t\t\t\t\t\t\t<div class=\"elementor-element elementor-element-486fa36 elementor-widget elementor-widget-image\" data-id=\"486fa36\" data-element_type=\"widget\" data-widget_type=\"image.default\">\n\t\t\t\t<div class=\"elementor-widget-container\">\n\t\t\t<style>\/*! elementor - v3.6.3 - 12-04-2022 *\/\n.elementor-widget-image{text-align:center}.elementor-widget-image a{display:inline-block}.elementor-widget-image a img[src$=\".svg\"]{width:48px}.elementor-widget-image img{vertical-align:middle;display:inline-block}<\/style>\t\t\t\t\t\t\t\t\t\t\t\t<img width=\"525\" height=\"634\" src=\"https:\/\/www.internationalfinanceconference.com\/ifc2025\/wp-content\/uploads\/14\/2025\/07\/CHORRERAS8-848x1024.jpg\" class=\"attachment-large size-large\" alt=\"\" srcset=\"https:\/\/www.internationalfinanceconference.com\/ifc2025\/wp-content\/uploads\/14\/2025\/07\/CHORRERAS8-248x300.jpg 248w, https:\/\/www.internationalfinanceconference.com\/ifc2025\/wp-content\/uploads\/14\/2025\/07\/CHORRERAS8-768x928.jpg 768w, https:\/\/www.internationalfinanceconference.com\/ifc2025\/wp-content\/uploads\/14\/2025\/07\/CHORRERAS8-848x1024.jpg 848w, https:\/\/www.internationalfinanceconference.com\/ifc2025\/wp-content\/uploads\/14\/2025\/07\/CHORRERAS8-1272x1536.jpg 1272w, https:\/\/www.internationalfinanceconference.com\/ifc2025\/wp-content\/uploads\/14\/2025\/07\/CHORRERAS8.jpg 1656w\" sizes=\"100vw\" \/>\t\t\t\t\t\t\t\t\t\t\t\t\t\t\t<\/div>\n\t\t\t\t<\/div>\n\t\t\t\t\t<\/div>\n\t\t<\/div>\n\t\t\t\t<div class=\"elementor-column elementor-col-50 elementor-top-column elementor-element elementor-element-3d6be59\" data-id=\"3d6be59\" data-element_type=\"column\">\n\t\t\t<div class=\"elementor-widget-wrap elementor-element-populated\">\n\t\t\t\t\t\t\t\t<div class=\"elementor-element elementor-element-2a3c337 elementor-widget elementor-widget-image-gallery\" data-id=\"2a3c337\" data-element_type=\"widget\" data-widget_type=\"image-gallery.default\">\n\t\t\t\t<div class=\"elementor-widget-container\">\n\t\t\t<style>\/*! elementor - v3.6.3 - 12-04-2022 *\/\n.elementor-image-gallery .gallery-item{display:inline-block;text-align:center;vertical-align:top;width:100%;max-width:100%;margin:0 auto}.elementor-image-gallery .gallery-item img{margin:0 auto}.elementor-image-gallery .gallery-item .gallery-caption{margin:0}.elementor-image-gallery figure img{display:block}.elementor-image-gallery figure figcaption{width:100%}.gallery-spacing-custom .elementor-image-gallery .gallery-icon{padding:0}@media (min-width:768px){.elementor-image-gallery .gallery-columns-2 .gallery-item{max-width:50%}.elementor-image-gallery .gallery-columns-3 .gallery-item{max-width:33.33%}.elementor-image-gallery .gallery-columns-4 .gallery-item{max-width:25%}.elementor-image-gallery .gallery-columns-5 .gallery-item{max-width:20%}.elementor-image-gallery .gallery-columns-6 .gallery-item{max-width:16.666%}.elementor-image-gallery .gallery-columns-7 .gallery-item{max-width:14.28%}.elementor-image-gallery .gallery-columns-8 .gallery-item{max-width:12.5%}.elementor-image-gallery .gallery-columns-9 .gallery-item{max-width:11.11%}.elementor-image-gallery .gallery-columns-10 .gallery-item{max-width:10%}}@media (min-width:480px) and (max-width:767px){.elementor-image-gallery .gallery.gallery-columns-2 .gallery-item,.elementor-image-gallery .gallery.gallery-columns-3 .gallery-item,.elementor-image-gallery .gallery.gallery-columns-4 .gallery-item,.elementor-image-gallery .gallery.gallery-columns-5 .gallery-item,.elementor-image-gallery .gallery.gallery-columns-6 .gallery-item,.elementor-image-gallery .gallery.gallery-columns-7 .gallery-item,.elementor-image-gallery .gallery.gallery-columns-8 .gallery-item,.elementor-image-gallery .gallery.gallery-columns-9 .gallery-item,.elementor-image-gallery .gallery.gallery-columns-10 .gallery-item{max-width:50%}}@media (max-width:479px){.elementor-image-gallery .gallery.gallery-columns-2 .gallery-item,.elementor-image-gallery .gallery.gallery-columns-3 .gallery-item,.elementor-image-gallery .gallery.gallery-columns-4 .gallery-item,.elementor-image-gallery .gallery.gallery-columns-5 .gallery-item,.elementor-image-gallery .gallery.gallery-columns-6 .gallery-item,.elementor-image-gallery .gallery.gallery-columns-7 .gallery-item,.elementor-image-gallery .gallery.gallery-columns-8 .gallery-item,.elementor-image-gallery .gallery.gallery-columns-9 .gallery-item,.elementor-image-gallery .gallery.gallery-columns-10 .gallery-item{max-width:100%}}<\/style>\t\t<div class=\"elementor-image-gallery\">\n\t\t\t<div id='gallery-1' class='gallery galleryid-1830 gallery-columns-2 gallery-size-large'><figure class='gallery-item'>\n\t\t\t<div class='gallery-icon landscape'>\n\t\t\t\t<a data-elementor-open-lightbox=\"yes\" data-elementor-lightbox-slideshow=\"2a3c337\" data-elementor-lightbox-title=\"CHORRERAS6\" e-action-hash=\"#elementor-action%3Aaction%3Dlightbox%26settings%3DeyJpZCI6MTgzNSwidXJsIjoiaHR0cHM6XC9cL3d3dy5pbnRlcm5hdGlvbmFsZmluYW5jZWNvbmZlcmVuY2UuY29tXC9pZmMyMDI1XC93cC1jb250ZW50XC91cGxvYWRzXC8xNFwvMjAyNVwvMDdcL0NIT1JSRVJBUzYuanBnIiwic2xpZGVzaG93IjoiMmEzYzMzNyJ9\" href='https:\/\/www.internationalfinanceconference.com\/ifc2025\/wp-content\/uploads\/14\/2025\/07\/CHORRERAS6.jpg'><img width=\"525\" height=\"350\" src=\"https:\/\/www.internationalfinanceconference.com\/ifc2025\/wp-content\/uploads\/14\/2025\/07\/CHORRERAS6.jpg\" class=\"attachment-large size-large\" alt=\"\" srcset=\"https:\/\/www.internationalfinanceconference.com\/ifc2025\/wp-content\/uploads\/14\/2025\/07\/CHORRERAS6-300x200.jpg 300w, https:\/\/www.internationalfinanceconference.com\/ifc2025\/wp-content\/uploads\/14\/2025\/07\/CHORRERAS6-768x512.jpg 768w, https:\/\/www.internationalfinanceconference.com\/ifc2025\/wp-content\/uploads\/14\/2025\/07\/CHORRERAS6.jpg 1024w\" sizes=\"100vw\" \/><\/a>\n\t\t\t<\/div><\/figure><figure class='gallery-item'>\n\t\t\t<div class='gallery-icon landscape'>\n\t\t\t\t<a data-elementor-open-lightbox=\"yes\" data-elementor-lightbox-slideshow=\"2a3c337\" data-elementor-lightbox-title=\"CHORRERAS9\" e-action-hash=\"#elementor-action%3Aaction%3Dlightbox%26settings%3DeyJpZCI6MTgzOSwidXJsIjoiaHR0cHM6XC9cL3d3dy5pbnRlcm5hdGlvbmFsZmluYW5jZWNvbmZlcmVuY2UuY29tXC9pZmMyMDI1XC93cC1jb250ZW50XC91cGxvYWRzXC8xNFwvMjAyNVwvMDdcL0NIT1JSRVJBUzkuanBnIiwic2xpZGVzaG93IjoiMmEzYzMzNyJ9\" href='https:\/\/www.internationalfinanceconference.com\/ifc2025\/wp-content\/uploads\/14\/2025\/07\/CHORRERAS9.jpg'><img width=\"525\" height=\"350\" src=\"https:\/\/www.internationalfinanceconference.com\/ifc2025\/wp-content\/uploads\/14\/2025\/07\/CHORRERAS9-1024x683.jpg\" class=\"attachment-large size-large\" alt=\"\" srcset=\"https:\/\/www.internationalfinanceconference.com\/ifc2025\/wp-content\/uploads\/14\/2025\/07\/CHORRERAS9-300x200.jpg 300w, https:\/\/www.internationalfinanceconference.com\/ifc2025\/wp-content\/uploads\/14\/2025\/07\/CHORRERAS9-768x512.jpg 768w, https:\/\/www.internationalfinanceconference.com\/ifc2025\/wp-content\/uploads\/14\/2025\/07\/CHORRERAS9-1024x683.jpg 1024w, https:\/\/www.internationalfinanceconference.com\/ifc2025\/wp-content\/uploads\/14\/2025\/07\/CHORRERAS9-1536x1024.jpg 1536w, https:\/\/www.internationalfinanceconference.com\/ifc2025\/wp-content\/uploads\/14\/2025\/07\/CHORRERAS9.jpg 1600w\" sizes=\"100vw\" \/><\/a>\n\t\t\t<\/div><\/figure><figure class='gallery-item'>\n\t\t\t<div class='gallery-icon landscape'>\n\t\t\t\t<a data-elementor-open-lightbox=\"yes\" data-elementor-lightbox-slideshow=\"2a3c337\" data-elementor-lightbox-title=\"CHORRRERAS3\" e-action-hash=\"#elementor-action%3Aaction%3Dlightbox%26settings%3DeyJpZCI6MTg0MCwidXJsIjoiaHR0cHM6XC9cL3d3dy5pbnRlcm5hdGlvbmFsZmluYW5jZWNvbmZlcmVuY2UuY29tXC9pZmMyMDI1XC93cC1jb250ZW50XC91cGxvYWRzXC8xNFwvMjAyNVwvMDdcL0NIT1JSUkVSQVMzLTEuanBlZyIsInNsaWRlc2hvdyI6IjJhM2MzMzcifQ%3D%3D\" href='https:\/\/www.internationalfinanceconference.com\/ifc2025\/wp-content\/uploads\/14\/2025\/07\/CHORRRERAS3-1.jpeg'><img width=\"525\" height=\"350\" src=\"https:\/\/www.internationalfinanceconference.com\/ifc2025\/wp-content\/uploads\/14\/2025\/07\/CHORRRERAS3-1-1024x682.jpeg\" class=\"attachment-large size-large\" alt=\"\" srcset=\"https:\/\/www.internationalfinanceconference.com\/ifc2025\/wp-content\/uploads\/14\/2025\/07\/CHORRRERAS3-1-300x200.jpeg 300w, https:\/\/www.internationalfinanceconference.com\/ifc2025\/wp-content\/uploads\/14\/2025\/07\/CHORRRERAS3-1-768x512.jpeg 768w, https:\/\/www.internationalfinanceconference.com\/ifc2025\/wp-content\/uploads\/14\/2025\/07\/CHORRRERAS3-1-1024x682.jpeg 1024w, https:\/\/www.internationalfinanceconference.com\/ifc2025\/wp-content\/uploads\/14\/2025\/07\/CHORRRERAS3-1-1536x1024.jpeg 1536w\" sizes=\"100vw\" \/><\/a>\n\t\t\t<\/div><\/figure><figure class='gallery-item'>\n\t\t\t<div class='gallery-icon landscape'>\n\t\t\t\t<a data-elementor-open-lightbox=\"yes\" data-elementor-lightbox-slideshow=\"2a3c337\" data-elementor-lightbox-title=\"lachorrera\" e-action-hash=\"#elementor-action%3Aaction%3Dlightbox%26settings%3DeyJpZCI6MTgzNCwidXJsIjoiaHR0cHM6XC9cL3d3dy5pbnRlcm5hdGlvbmFsZmluYW5jZWNvbmZlcmVuY2UuY29tXC9pZmMyMDI1XC93cC1jb250ZW50XC91cGxvYWRzXC8xNFwvMjAyNVwvMDdcL2xhY2hvcnJlcmEuanBnIiwic2xpZGVzaG93IjoiMmEzYzMzNyJ9\" href='https:\/\/www.internationalfinanceconference.com\/ifc2025\/wp-content\/uploads\/14\/2025\/07\/lachorrera.jpg'><img width=\"525\" height=\"350\" src=\"https:\/\/www.internationalfinanceconference.com\/ifc2025\/wp-content\/uploads\/14\/2025\/07\/lachorrera.jpg\" class=\"attachment-large size-large\" alt=\"\" srcset=\"https:\/\/www.internationalfinanceconference.com\/ifc2025\/wp-content\/uploads\/14\/2025\/07\/lachorrera-300x200.jpg 300w, https:\/\/www.internationalfinanceconference.com\/ifc2025\/wp-content\/uploads\/14\/2025\/07\/lachorrera-768x512.jpg 768w, https:\/\/www.internationalfinanceconference.com\/ifc2025\/wp-content\/uploads\/14\/2025\/07\/lachorrera.jpg 1024w\" sizes=\"100vw\" \/><\/a>\n\t\t\t<\/div><\/figure>\n\t\t<\/div>\n\t\t<\/div>\n\t\t\t\t<\/div>\n\t\t\t\t<\/div>\n\t\t\t\t\t<\/div>\n\t\t<\/div>\n\t\t\t\t\t\t\t<\/div>\n\t\t<\/section>\n\t\t\t\t<section class=\"elementor-section elementor-top-section elementor-element elementor-element-62d91cf elementor-section-boxed elementor-section-height-default elementor-section-height-default\" data-id=\"62d91cf\" data-element_type=\"section\">\n\t\t\t\t\t\t<div class=\"elementor-container elementor-column-gap-default\">\n\t\t\t\t\t<div class=\"elementor-column elementor-col-100 elementor-top-column elementor-element elementor-element-bc77afe\" data-id=\"bc77afe\" data-element_type=\"column\">\n\t\t\t<div class=\"elementor-widget-wrap elementor-element-populated\">\n\t\t\t\t\t\t\t\t<div class=\"elementor-element elementor-element-bb626a8 elementor-align-center elementor-widget elementor-widget-button\" data-id=\"bb626a8\" data-element_type=\"widget\" data-widget_type=\"button.default\">\n\t\t\t\t<div class=\"elementor-widget-container\">\n\t\t\t\t\t<div class=\"elementor-button-wrapper\">\n\t\t\t<a href=\"http:\/\/www.internationalfinanceconference.com\/ifc2025\/wp-content\/uploads\/14\/2025\/07\/UNIVERSIDAD-DE-CUENCA-POST-CONGRESO-DOS-CHORRERAS.pdf\" class=\"elementor-button-link elementor-button elementor-size-lg\" role=\"button\">\n\t\t\t\t\t\t<span class=\"elementor-button-content-wrapper\">\n\t\t\t\t\t\t<span class=\"elementor-button-text\">M\u00e1s informaci\u00f3n<\/span>\n\t\t<\/span>\n\t\t\t\t\t<\/a>\n\t\t<\/div>\n\t\t\t\t<\/div>\n\t\t\t\t<\/div>\n\t\t\t\t<div class=\"elementor-element elementor-element-fa3e98e elementor-align-center elementor-widget elementor-widget-button\" data-id=\"fa3e98e\" data-element_type=\"widget\" data-widget_type=\"button.default\">\n\t\t\t\t<div class=\"elementor-widget-container\">\n\t\t\t\t\t<div class=\"elementor-button-wrapper\">\n\t\t\t<a href=\"https:\/\/payp.page.link\/4wVQp\" class=\"elementor-button-link elementor-button elementor-size-lg\" role=\"button\">\n\t\t\t\t\t\t<span class=\"elementor-button-content-wrapper\">\n\t\t\t\t\t\t<span class=\"elementor-button-text\">Link de pago<\/span>\n\t\t<\/span>\n\t\t\t\t\t<\/a>\n\t\t<\/div>\n\t\t\t\t<\/div>\n\t\t\t\t<\/div>\n\t\t\t\t\t<\/div>\n\t\t<\/div>\n\t\t\t\t\t\t\t<\/div>\n\t\t<\/section>\n\t\t\t\t\t\t\t<\/div>\n\t\t","protected":false},"excerpt":{"rendered":"<p>Visita Tur\u00edstica En el coraz\u00f3n del Parque Nacional Cajas, rodeada de lagunas cristalinas, aire puro y la imponente belleza del p\u00e1ramo andino, se encuentra un destino \u00fanico:Hoster\u00eda Dos Chorreras. Te invitamos a vivir una experiencia inolvidable junto a tu familia y amigos, en un entorno natural que despierta los sentidos y renueva el esp\u00edritu. Fecha: &hellip; <\/p>\n<p class=\"link-more\"><a href=\"https:\/\/www.internationalfinanceconference.com\/ifc2025\/visita\/\" class=\"more-link\">Segu\u00ed leyendo<span class=\"screen-reader-text\"> &#8220;Visita especial&#8221;<\/span><\/a><\/p>\n","protected":false},"author":5,"featured_media":0,"parent":0,"menu_order":0,"comment_status":"closed","ping_status":"closed","template":"elementor_header_footer","meta":[],"_links":{"self":[{"href":"https:\/\/www.internationalfinanceconference.com\/ifc2025\/wp-json\/wp\/v2\/pages\/1830"}],"collection":[{"href":"https:\/\/www.internationalfinanceconference.com\/ifc2025\/wp-json\/wp\/v2\/pages"}],"about":[{"href":"https:\/\/www.internationalfinanceconference.com\/ifc2025\/wp-json\/wp\/v2\/types\/page"}],"author":[{"embeddable":true,"href":"https:\/\/www.internationalfinanceconference.com\/ifc2025\/wp-json\/wp\/v2\/users\/5"}],"replies":[{"embeddable":true,"href":"https:\/\/www.internationalfinanceconference.com\/ifc2025\/wp-json\/wp\/v2\/comments?post=1830"}],"version-history":[{"count":17,"href":"https:\/\/www.internationalfinanceconference.com\/ifc2025\/wp-json\/wp\/v2\/pages\/1830\/revisions"}],"predecessor-version":[{"id":1864,"href":"https:\/\/www.internationalfinanceconference.com\/ifc2025\/wp-json\/wp\/v2\/pages\/1830\/revisions\/1864"}],"wp:attachment":[{"href":"https:\/\/www.internationalfinanceconference.com\/ifc2025\/wp-json\/wp\/v2\/media?parent=1830"}],"curies":[{"name":"wp","href":"https:\/\/api.w.org\/{rel}","templated":true}]}}