{"id":556,"date":"2023-07-13T21:32:16","date_gmt":"2023-07-14T00:32:16","guid":{"rendered":"http:\/\/www.internationalfinanceconference.org\/ifc2023\/?page_id=556"},"modified":"2023-07-17T13:19:42","modified_gmt":"2023-07-17T16:19:42","slug":"revistas","status":"publish","type":"page","link":"https:\/\/www.internationalfinanceconference.com\/ifc2023\/revistas\/","title":{"rendered":"REVISTAS"},"content":{"rendered":"\t\t<div data-elementor-type=\"wp-page\" data-elementor-id=\"556\" class=\"elementor elementor-556\">\n\t\t\t\t\t\t\t\t\t<section class=\"elementor-section elementor-top-section elementor-element elementor-element-9dbd055 elementor-section-boxed elementor-section-height-default elementor-section-height-default\" data-id=\"9dbd055\" data-element_type=\"section\">\n\t\t\t\t\t\t<div class=\"elementor-container elementor-column-gap-default\">\n\t\t\t\t\t<div class=\"elementor-column elementor-col-100 elementor-top-column elementor-element elementor-element-1da2264\" data-id=\"1da2264\" data-element_type=\"column\">\n\t\t\t<div class=\"elementor-widget-wrap elementor-element-populated\">\n\t\t\t\t\t\t\t\t<div class=\"elementor-element elementor-element-882773f elementor-widget elementor-widget-heading\" data-id=\"882773f\" data-element_type=\"widget\" data-widget_type=\"heading.default\">\n\t\t\t\t<div class=\"elementor-widget-container\">\n\t\t\t<style>\/*! elementor - v3.6.3 - 12-04-2022 *\/\n.elementor-heading-title{padding:0;margin:0;line-height:1}.elementor-widget-heading .elementor-heading-title[class*=elementor-size-]>a{color:inherit;font-size:inherit;line-height:inherit}.elementor-widget-heading .elementor-heading-title.elementor-size-small{font-size:15px}.elementor-widget-heading .elementor-heading-title.elementor-size-medium{font-size:19px}.elementor-widget-heading .elementor-heading-title.elementor-size-large{font-size:29px}.elementor-widget-heading .elementor-heading-title.elementor-size-xl{font-size:39px}.elementor-widget-heading .elementor-heading-title.elementor-size-xxl{font-size:59px}<\/style><h3 class=\"elementor-heading-title elementor-size-default\">Journal of Economics, Finance and Administrative Science<\/h3>\t\t<\/div>\n\t\t\t\t<\/div>\n\t\t\t\t<section class=\"elementor-section elementor-inner-section elementor-element elementor-element-12236b7 elementor-section-boxed elementor-section-height-default elementor-section-height-default\" data-id=\"12236b7\" data-element_type=\"section\">\n\t\t\t\t\t\t<div class=\"elementor-container elementor-column-gap-default\">\n\t\t\t\t\t<div class=\"elementor-column elementor-col-50 elementor-inner-column elementor-element elementor-element-8a4c536\" data-id=\"8a4c536\" data-element_type=\"column\">\n\t\t\t<div class=\"elementor-widget-wrap elementor-element-populated\">\n\t\t\t\t\t\t\t\t<div class=\"elementor-element elementor-element-de8112d elementor-widget elementor-widget-image\" data-id=\"de8112d\" data-element_type=\"widget\" data-widget_type=\"image.default\">\n\t\t\t\t<div class=\"elementor-widget-container\">\n\t\t\t<style>\/*! elementor - v3.6.3 - 12-04-2022 *\/\n.elementor-widget-image{text-align:center}.elementor-widget-image a{display:inline-block}.elementor-widget-image a img[src$=\".svg\"]{width:48px}.elementor-widget-image img{vertical-align:middle;display:inline-block}<\/style>\t\t\t\t\t\t\t\t\t\t\t\t<img src=\"http:\/\/www.internationalfinanceconference.com\/ifc2022\/wp-content\/uploads\/11\/2022\/06\/ESAN-scaled.jpg\" title=\"\" alt=\"\" \/>\t\t\t\t\t\t\t\t\t\t\t\t\t\t\t<\/div>\n\t\t\t\t<\/div>\n\t\t\t\t\t<\/div>\n\t\t<\/div>\n\t\t\t\t<div class=\"elementor-column elementor-col-50 elementor-inner-column elementor-element elementor-element-f48eacd\" data-id=\"f48eacd\" data-element_type=\"column\">\n\t\t\t<div class=\"elementor-widget-wrap elementor-element-populated\">\n\t\t\t\t\t\t\t\t<div class=\"elementor-element elementor-element-afd7c9c elementor-widget elementor-widget-text-editor\" data-id=\"afd7c9c\" data-element_type=\"widget\" data-widget_type=\"text-editor.default\">\n\t\t\t\t<div class=\"elementor-widget-container\">\n\t\t\t<style>\/*! elementor - v3.6.3 - 12-04-2022 *\/\n.elementor-widget-text-editor.elementor-drop-cap-view-stacked .elementor-drop-cap{background-color:#818a91;color:#fff}.elementor-widget-text-editor.elementor-drop-cap-view-framed .elementor-drop-cap{color:#818a91;border:3px solid;background-color:transparent}.elementor-widget-text-editor:not(.elementor-drop-cap-view-default) .elementor-drop-cap{margin-top:8px}.elementor-widget-text-editor:not(.elementor-drop-cap-view-default) .elementor-drop-cap-letter{width:1em;height:1em}.elementor-widget-text-editor .elementor-drop-cap{float:left;text-align:center;line-height:1;font-size:50px}.elementor-widget-text-editor .elementor-drop-cap-letter{display:inline-block}<\/style>\t\t\t\t<p>El Journal of Economics, Finance and Administrative Science (JEFAS) publica investigaciones de alta calidad revisadas por pares sobre econom\u00eda, finanzas y administraci\u00f3n. Publicado por Emerald en nombre de la Universidad ESAN, Per\u00fa.<\/p><p>La Universidad ESAN, con m\u00e1s de 55 a\u00f1os de experiencia en educaci\u00f3n superior y estudios de postgrado en negocios, desde su fundaci\u00f3n (1963), producto de un acuerdo tripartito entre el gobierno del Per\u00fa, la Agencia de los Estados Unidos para el Desarrollo Internacional y la Stanford Graduate School of Business, busca publicar las m\u00e1s destacadas investigaciones de alta calidad revisadas por pares en negocios y econom\u00eda para contribuir a la comunidad acad\u00e9mica y a la pr\u00e1ctica gerencial. Agradecemos las contribuciones actuales y relevantes con implicaciones te\u00f3ricas y emp\u00edricas rigurosas de \u00e1reas empresariales como la gesti\u00f3n, la econom\u00eda y las finanzas. Aunque los manuscritos pueden centrarse en un pa\u00eds o en un peque\u00f1o grupo de pa\u00edses, apreciamos los env\u00edos que reflejen y exploren los contextos latinoamericanos o iberoamericanos. Todos los autores deben hacer sus env\u00edos con correo electr\u00f3nico institucional y ORCID actualizado. Los doctores, los doctorandos y los investigadores en fase inicial son bienvenidos. Publicamos dos veces al a\u00f1o.<\/p>\t\t\t\t\t\t<\/div>\n\t\t\t\t<\/div>\n\t\t\t\t<div class=\"elementor-element elementor-element-be9a6a8 elementor-widget elementor-widget-button\" data-id=\"be9a6a8\" data-element_type=\"widget\" data-widget_type=\"button.default\">\n\t\t\t\t<div class=\"elementor-widget-container\">\n\t\t\t\t\t<div class=\"elementor-button-wrapper\">\n\t\t\t<a href=\"https:\/\/www.emeraldgrouppublishing.com\/journal\/jefas\" class=\"elementor-button-link elementor-button elementor-size-sm\" role=\"button\">\n\t\t\t\t\t\t<span class=\"elementor-button-content-wrapper\">\n\t\t\t\t\t\t<span class=\"elementor-button-text\">Visitar la revista<\/span>\n\t\t<\/span>\n\t\t\t\t\t<\/a>\n\t\t<\/div>\n\t\t\t\t<\/div>\n\t\t\t\t<\/div>\n\t\t\t\t\t<\/div>\n\t\t<\/div>\n\t\t\t\t\t\t\t<\/div>\n\t\t<\/section>\n\t\t\t\t<section class=\"elementor-section elementor-inner-section elementor-element elementor-element-60d9bb5 elementor-section-content-middle elementor-section-boxed elementor-section-height-default elementor-section-height-default\" data-id=\"60d9bb5\" data-element_type=\"section\">\n\t\t\t\t\t\t<div class=\"elementor-container elementor-column-gap-default\">\n\t\t\t\t\t<div class=\"elementor-column elementor-col-25 elementor-inner-column elementor-element elementor-element-4de53e0\" data-id=\"4de53e0\" data-element_type=\"column\">\n\t\t\t<div class=\"elementor-widget-wrap elementor-element-populated\">\n\t\t\t\t\t\t\t\t<div class=\"elementor-element elementor-element-6fed061 elementor-widget elementor-widget-image\" data-id=\"6fed061\" data-element_type=\"widget\" data-widget_type=\"image.default\">\n\t\t\t\t<div class=\"elementor-widget-container\">\n\t\t\t\t\t\t\t\t\t\t\t\t\t\t\t<img src=\"http:\/\/www.internationalfinanceconference.com\/ifc2022\/wp-content\/uploads\/11\/2022\/06\/COPE.png\" title=\"\" alt=\"\" \/>\t\t\t\t\t\t\t\t\t\t\t\t\t\t\t<\/div>\n\t\t\t\t<\/div>\n\t\t\t\t\t<\/div>\n\t\t<\/div>\n\t\t\t\t<div class=\"elementor-column elementor-col-25 elementor-inner-column elementor-element elementor-element-f7b2af5\" data-id=\"f7b2af5\" data-element_type=\"column\">\n\t\t\t<div class=\"elementor-widget-wrap elementor-element-populated\">\n\t\t\t\t\t\t\t\t<div class=\"elementor-element elementor-element-963354e elementor-widget elementor-widget-image\" data-id=\"963354e\" data-element_type=\"widget\" data-widget_type=\"image.default\">\n\t\t\t\t<div class=\"elementor-widget-container\">\n\t\t\t\t\t\t\t\t\t\t\t\t\t\t\t<img src=\"http:\/\/www.internationalfinanceconference.com\/ifc2022\/wp-content\/uploads\/11\/2022\/06\/DOAJ.png\" title=\"\" alt=\"\" \/>\t\t\t\t\t\t\t\t\t\t\t\t\t\t\t<\/div>\n\t\t\t\t<\/div>\n\t\t\t\t\t<\/div>\n\t\t<\/div>\n\t\t\t\t<div class=\"elementor-column elementor-col-25 elementor-inner-column elementor-element elementor-element-2694354\" data-id=\"2694354\" data-element_type=\"column\">\n\t\t\t<div class=\"elementor-widget-wrap elementor-element-populated\">\n\t\t\t\t\t\t\t\t<div class=\"elementor-element elementor-element-321c938 elementor-widget elementor-widget-image\" data-id=\"321c938\" data-element_type=\"widget\" data-widget_type=\"image.default\">\n\t\t\t\t<div class=\"elementor-widget-container\">\n\t\t\t\t\t\t\t\t\t\t\t\t\t\t\t<img src=\"http:\/\/www.internationalfinanceconference.com\/ifc2022\/wp-content\/uploads\/11\/2022\/06\/PUBLINDEX.jpg\" title=\"\" alt=\"\" \/>\t\t\t\t\t\t\t\t\t\t\t\t\t\t\t<\/div>\n\t\t\t\t<\/div>\n\t\t\t\t\t<\/div>\n\t\t<\/div>\n\t\t\t\t<div class=\"elementor-column elementor-col-25 elementor-inner-column elementor-element elementor-element-af58970\" data-id=\"af58970\" data-element_type=\"column\">\n\t\t\t<div class=\"elementor-widget-wrap elementor-element-populated\">\n\t\t\t\t\t\t\t\t<div class=\"elementor-element elementor-element-3ab4f0a elementor-widget elementor-widget-image\" data-id=\"3ab4f0a\" data-element_type=\"widget\" data-widget_type=\"image.default\">\n\t\t\t\t<div class=\"elementor-widget-container\">\n\t\t\t\t\t\t\t\t\t\t\t\t\t\t\t<img src=\"http:\/\/www.internationalfinanceconference.com\/ifc2022\/wp-content\/uploads\/11\/2022\/06\/SCOPUS.jpg\" title=\"\" alt=\"\" \/>\t\t\t\t\t\t\t\t\t\t\t\t\t\t\t<\/div>\n\t\t\t\t<\/div>\n\t\t\t\t\t<\/div>\n\t\t<\/div>\n\t\t\t\t\t\t\t<\/div>\n\t\t<\/section>\n\t\t\t\t\t<\/div>\n\t\t<\/div>\n\t\t\t\t\t\t\t<\/div>\n\t\t<\/section>\n\t\t\t\t<section class=\"elementor-section elementor-top-section elementor-element elementor-element-82c4c6f elementor-section-boxed elementor-section-height-default elementor-section-height-default\" data-id=\"82c4c6f\" data-element_type=\"section\">\n\t\t\t\t\t\t<div class=\"elementor-container elementor-column-gap-default\">\n\t\t\t\t\t<div class=\"elementor-column elementor-col-100 elementor-top-column elementor-element elementor-element-2f1786c\" data-id=\"2f1786c\" data-element_type=\"column\">\n\t\t\t<div class=\"elementor-widget-wrap elementor-element-populated\">\n\t\t\t\t\t\t\t\t<div class=\"elementor-element elementor-element-f17444b elementor-widget elementor-widget-heading\" data-id=\"f17444b\" data-element_type=\"widget\" data-widget_type=\"heading.default\">\n\t\t\t\t<div class=\"elementor-widget-container\">\n\t\t\t<h3 class=\"elementor-heading-title elementor-size-default\">Revista Mexicana de Econom\u00eda y Finanzas Nueva \u00c9poca REMEF<\/h3>\t\t<\/div>\n\t\t\t\t<\/div>\n\t\t\t\t<section class=\"elementor-section elementor-inner-section elementor-element elementor-element-f18b5c5 elementor-section-boxed elementor-section-height-default elementor-section-height-default\" data-id=\"f18b5c5\" data-element_type=\"section\">\n\t\t\t\t\t\t<div class=\"elementor-container elementor-column-gap-default\">\n\t\t\t\t\t<div class=\"elementor-column elementor-col-50 elementor-inner-column elementor-element elementor-element-9bf5b93\" data-id=\"9bf5b93\" data-element_type=\"column\">\n\t\t\t<div class=\"elementor-widget-wrap elementor-element-populated\">\n\t\t\t\t\t\t\t\t<div class=\"elementor-element elementor-element-93fcebf elementor-widget elementor-widget-image\" data-id=\"93fcebf\" data-element_type=\"widget\" data-widget_type=\"image.default\">\n\t\t\t\t<div class=\"elementor-widget-container\">\n\t\t\t\t\t\t\t\t\t\t\t\t\t\t\t<img width=\"525\" height=\"725\" src=\"https:\/\/www.internationalfinanceconference.com\/ifc2023\/wp-content\/uploads\/12\/2023\/07\/ifc-2023-revista-mexicana.jpg\" class=\"attachment-large size-large\" alt=\"\" srcset=\"https:\/\/www.internationalfinanceconference.com\/ifc2023\/wp-content\/uploads\/12\/2023\/07\/ifc-2023-revista-mexicana-217x300.jpg 217w, https:\/\/www.internationalfinanceconference.com\/ifc2023\/wp-content\/uploads\/12\/2023\/07\/ifc-2023-revista-mexicana.jpg 600w\" sizes=\"100vw\" \/>\t\t\t\t\t\t\t\t\t\t\t\t\t\t\t<\/div>\n\t\t\t\t<\/div>\n\t\t\t\t\t<\/div>\n\t\t<\/div>\n\t\t\t\t<div class=\"elementor-column elementor-col-50 elementor-inner-column elementor-element elementor-element-652ca8d\" data-id=\"652ca8d\" data-element_type=\"column\">\n\t\t\t<div class=\"elementor-widget-wrap elementor-element-populated\">\n\t\t\t\t\t\t\t\t<div class=\"elementor-element elementor-element-8a44fef elementor-widget elementor-widget-text-editor\" data-id=\"8a44fef\" data-element_type=\"widget\" data-widget_type=\"text-editor.default\">\n\t\t\t\t<div class=\"elementor-widget-container\">\n\t\t\t\t\t\t\t<p>Es una revista arbitrada que se publica trimestralmente. Su objetivo es fomentar la investigaci\u00f3n en asuntos relacionados con las finanzas, la econom\u00eda y las actividades empresariales, as\u00ed como dar a conocer los avances m\u00e1s recientes obtenidos por investigadores y profesionales del m\u00e1s alto nivel. Busca estimular la comunicaci\u00f3n cient\u00edfica y el intercambio de ideas entre acad\u00e9micos, tomadores de decisiones de los sectores p\u00fablico y privado, encargados de dise\u00f1ar e instrumentar las pol\u00edticas econ\u00f3micas y financieras.<\/p><p>La primera \u00e9poca de la Revista fue impulsada por el Instituto Tecnol\u00f3gico y de Estudios Superiores de Monterrey. Durante cinco a\u00f1os, las investigaciones realizadas por acad\u00e9micos y profesionales mexicanos y extranjeros tuvieron cabida en sus p\u00e1ginas, convirti\u00e9ndose as\u00ed en una referencia obligada en asuntos de su especialidad, lo que le permiti\u00f3 enriquecer a la comunidad financiera, a las empresas y a las instituciones de educaci\u00f3n superior de nuestro pa\u00eds.<\/p><p>En su Nueva \u00c9poca, la REMEF recibir\u00e1, dictaminar\u00e1 y, en su caso, publicar\u00e1 art\u00edculos in\u00e9ditos, de autores nacionales e internacionales, que aporten innovaciones a la teor\u00eda y pr\u00e1ctica de las finanzas y la econom\u00eda. Al abrir un canal de difusi\u00f3n de estas ideas innovadoras, se fomentar\u00e1 la creaci\u00f3n e intercambio de conocimiento entre academia, industria y gobierno, lo que permitir\u00e1 avanzar en la generaci\u00f3n de propuestas econ\u00f3micas, financieras, sociales e institucionales, que contribuyan a solucionar algunos de los complejos problemas nacionales y mundiales.<\/p><p>La Revista Mexicana de Econom\u00eda y Finanzas Nueva \u00c9poca aparece listada y\/o resumida en los directorios, bases de datos e \u00edndices: <b>SCOPUS, CONACYT, SciELO Citation Index-Web of Science, SciELO M\u00e9xico, EconLit, EconPapers, RePEc, Dialnet, Ulrich&#8217;s, Latindex, CLASE, EBSCO, BIBLAT, MIAR, Crossref, DOAJ, Google Acad\u00e9mico e ISIDORE<\/b>.<\/p><p>La Revista Mexicana de Econom\u00eda y Finanzas, REMEF, ha sido aceptada &#8220;como reconocimiento a su calidad y excelencia editorial\u201d, por el Consejo Nacional de Ciencia y Tecnolog\u00eda (CONACYT), para ingresar en el Sistema de Clasificaci\u00f3n de Revistas Mexicanas de Ciencia y Tecnolog\u00eda. <b>La REMEF ha sido clasificada como Revista en Competencia Internacional en 2018<\/b>.<\/p><p>REMEF es la primera Revista de Investigaci\u00f3n de finanzas en M\u00e9xico reconocida en el padr\u00f3n de revistas del CONACYT, m\u00e1xima autoridad de M\u00e9xico en investigaci\u00f3n. Es una importante aportaci\u00f3n de la Fundaci\u00f3n de Investigaci\u00f3n IMEF al pa\u00eds.<\/p>\t\t\t\t\t\t<\/div>\n\t\t\t\t<\/div>\n\t\t\t\t<div class=\"elementor-element elementor-element-29662b8 elementor-widget elementor-widget-button\" data-id=\"29662b8\" data-element_type=\"widget\" data-widget_type=\"button.default\">\n\t\t\t\t<div class=\"elementor-widget-container\">\n\t\t\t\t\t<div class=\"elementor-button-wrapper\">\n\t\t\t<a href=\"https:\/\/www.remef.org.mx\/index.php\/remef\" class=\"elementor-button-link elementor-button elementor-size-sm\" role=\"button\">\n\t\t\t\t\t\t<span class=\"elementor-button-content-wrapper\">\n\t\t\t\t\t\t<span class=\"elementor-button-text\">Visitar la revista<\/span>\n\t\t<\/span>\n\t\t\t\t\t<\/a>\n\t\t<\/div>\n\t\t\t\t<\/div>\n\t\t\t\t<\/div>\n\t\t\t\t\t<\/div>\n\t\t<\/div>\n\t\t\t\t\t\t\t<\/div>\n\t\t<\/section>\n\t\t\t\t\t<\/div>\n\t\t<\/div>\n\t\t\t\t\t\t\t<\/div>\n\t\t<\/section>\n\t\t\t\t\t\t\t<\/div>\n\t\t","protected":false},"excerpt":{"rendered":"<p>Journal of Economics, Finance and Administrative Science El Journal of Economics, Finance and Administrative Science (JEFAS) publica investigaciones de alta calidad revisadas por pares sobre econom\u00eda, finanzas y administraci\u00f3n. Publicado por Emerald en nombre de la Universidad ESAN, Per\u00fa. La Universidad ESAN, con m\u00e1s de 55 a\u00f1os de experiencia en educaci\u00f3n superior y estudios de &hellip; <\/p>\n<p class=\"link-more\"><a href=\"https:\/\/www.internationalfinanceconference.com\/ifc2023\/revistas\/\" class=\"more-link\">Segu\u00ed leyendo<span class=\"screen-reader-text\"> &#8220;REVISTAS&#8221;<\/span><\/a><\/p>\n","protected":false},"author":5,"featured_media":0,"parent":0,"menu_order":0,"comment_status":"closed","ping_status":"closed","template":"elementor_header_footer","meta":[],"_links":{"self":[{"href":"https:\/\/www.internationalfinanceconference.com\/ifc2023\/wp-json\/wp\/v2\/pages\/556"}],"collection":[{"href":"https:\/\/www.internationalfinanceconference.com\/ifc2023\/wp-json\/wp\/v2\/pages"}],"about":[{"href":"https:\/\/www.internationalfinanceconference.com\/ifc2023\/wp-json\/wp\/v2\/types\/page"}],"author":[{"embeddable":true,"href":"https:\/\/www.internationalfinanceconference.com\/ifc2023\/wp-json\/wp\/v2\/users\/5"}],"replies":[{"embeddable":true,"href":"https:\/\/www.internationalfinanceconference.com\/ifc2023\/wp-json\/wp\/v2\/comments?post=556"}],"version-history":[{"count":9,"href":"https:\/\/www.internationalfinanceconference.com\/ifc2023\/wp-json\/wp\/v2\/pages\/556\/revisions"}],"predecessor-version":[{"id":586,"href":"https:\/\/www.internationalfinanceconference.com\/ifc2023\/wp-json\/wp\/v2\/pages\/556\/revisions\/586"}],"wp:attachment":[{"href":"https:\/\/www.internationalfinanceconference.com\/ifc2023\/wp-json\/wp\/v2\/media?parent=556"}],"curies":[{"name":"wp","href":"https:\/\/api.w.org\/{rel}","templated":true}]}}