{"id":280,"date":"2023-06-12T13:00:56","date_gmt":"2023-06-12T16:00:56","guid":{"rendered":"http:\/\/www.internationalfinanceconference.org\/ifc2023\/?page_id=280"},"modified":"2023-06-22T16:46:31","modified_gmt":"2023-06-22T19:46:31","slug":"sobre-la-ujed","status":"publish","type":"page","link":"https:\/\/www.internationalfinanceconference.com\/ifc2023\/sobre-la-ujed\/","title":{"rendered":"Sobre la UJED"},"content":{"rendered":"\t\t<div data-elementor-type=\"wp-page\" data-elementor-id=\"280\" class=\"elementor elementor-280\">\n\t\t\t\t\t\t\t\t\t<section class=\"elementor-section elementor-top-section elementor-element elementor-element-5eb9718 elementor-section-height-min-height elementor-section-boxed elementor-section-height-default elementor-section-items-middle\" data-id=\"5eb9718\" data-element_type=\"section\" data-settings=\"{&quot;background_background&quot;:&quot;classic&quot;}\">\n\t\t\t\t\t\t\t<div class=\"elementor-background-overlay\"><\/div>\n\t\t\t\t\t\t\t<div class=\"elementor-container elementor-column-gap-default\">\n\t\t\t\t\t<div class=\"elementor-column elementor-col-100 elementor-top-column elementor-element elementor-element-612827b\" data-id=\"612827b\" data-element_type=\"column\">\n\t\t\t<div class=\"elementor-widget-wrap elementor-element-populated\">\n\t\t\t\t\t\t\t\t<section class=\"elementor-section elementor-inner-section elementor-element elementor-element-5a27eac elementor-section-boxed elementor-section-height-default elementor-section-height-default\" data-id=\"5a27eac\" data-element_type=\"section\">\n\t\t\t\t\t\t<div class=\"elementor-container elementor-column-gap-default\">\n\t\t\t\t\t<div class=\"elementor-column elementor-col-33 elementor-inner-column elementor-element elementor-element-b227e11\" data-id=\"b227e11\" data-element_type=\"column\">\n\t\t\t<div class=\"elementor-widget-wrap elementor-element-populated\">\n\t\t\t\t\t\t\t\t<div class=\"elementor-element elementor-element-d8a56c6 elementor-widget-divider--view-line elementor-widget elementor-widget-divider\" data-id=\"d8a56c6\" data-element_type=\"widget\" data-widget_type=\"divider.default\">\n\t\t\t\t<div class=\"elementor-widget-container\">\n\t\t\t<style>\/*! elementor - v3.6.3 - 12-04-2022 *\/\n.elementor-widget-divider{--divider-border-style:none;--divider-border-width:1px;--divider-color:#2c2c2c;--divider-icon-size:20px;--divider-element-spacing:10px;--divider-pattern-height:24px;--divider-pattern-size:20px;--divider-pattern-url:none;--divider-pattern-repeat:repeat-x}.elementor-widget-divider .elementor-divider{display:-webkit-box;display:-ms-flexbox;display:flex}.elementor-widget-divider .elementor-divider__text{font-size:15px;line-height:1;max-width:95%}.elementor-widget-divider .elementor-divider__element{margin:0 var(--divider-element-spacing);-ms-flex-negative:0;flex-shrink:0}.elementor-widget-divider .elementor-icon{font-size:var(--divider-icon-size)}.elementor-widget-divider .elementor-divider-separator{display:-webkit-box;display:-ms-flexbox;display:flex;margin:0;direction:ltr}.elementor-widget-divider--view-line_icon .elementor-divider-separator,.elementor-widget-divider--view-line_text .elementor-divider-separator{-webkit-box-align:center;-ms-flex-align:center;align-items:center}.elementor-widget-divider--view-line_icon .elementor-divider-separator:after,.elementor-widget-divider--view-line_icon .elementor-divider-separator:before,.elementor-widget-divider--view-line_text .elementor-divider-separator:after,.elementor-widget-divider--view-line_text .elementor-divider-separator:before{display:block;content:\"\";border-bottom:0;-webkit-box-flex:1;-ms-flex-positive:1;flex-grow:1;border-top:var(--divider-border-width) var(--divider-border-style) var(--divider-color)}.elementor-widget-divider--element-align-left .elementor-divider .elementor-divider-separator>.elementor-divider__svg:first-of-type{-webkit-box-flex:0;-ms-flex-positive:0;flex-grow:0;-ms-flex-negative:100;flex-shrink:100}.elementor-widget-divider--element-align-left .elementor-divider-separator:before{content:none}.elementor-widget-divider--element-align-left .elementor-divider__element{margin-left:0}.elementor-widget-divider--element-align-right .elementor-divider .elementor-divider-separator>.elementor-divider__svg:last-of-type{-webkit-box-flex:0;-ms-flex-positive:0;flex-grow:0;-ms-flex-negative:100;flex-shrink:100}.elementor-widget-divider--element-align-right .elementor-divider-separator:after{content:none}.elementor-widget-divider--element-align-right .elementor-divider__element{margin-right:0}.elementor-widget-divider:not(.elementor-widget-divider--view-line_text):not(.elementor-widget-divider--view-line_icon) .elementor-divider-separator{border-top:var(--divider-border-width) var(--divider-border-style) var(--divider-color)}.elementor-widget-divider--separator-type-pattern{--divider-border-style:none}.elementor-widget-divider--separator-type-pattern.elementor-widget-divider--view-line .elementor-divider-separator,.elementor-widget-divider--separator-type-pattern:not(.elementor-widget-divider--view-line) .elementor-divider-separator:after,.elementor-widget-divider--separator-type-pattern:not(.elementor-widget-divider--view-line) .elementor-divider-separator:before,.elementor-widget-divider--separator-type-pattern:not([class*=elementor-widget-divider--view]) .elementor-divider-separator{width:100%;min-height:var(--divider-pattern-height);-webkit-mask-size:var(--divider-pattern-size) 100%;mask-size:var(--divider-pattern-size) 100%;-webkit-mask-repeat:var(--divider-pattern-repeat);mask-repeat:var(--divider-pattern-repeat);background-color:var(--divider-color);-webkit-mask-image:var(--divider-pattern-url);mask-image:var(--divider-pattern-url)}.elementor-widget-divider--no-spacing{--divider-pattern-size:auto}.elementor-widget-divider--bg-round{--divider-pattern-repeat:round}.rtl .elementor-widget-divider .elementor-divider__text{direction:rtl}<\/style>\t\t<div class=\"elementor-divider\">\n\t\t\t<span class=\"elementor-divider-separator\">\n\t\t\t\t\t\t<\/span>\n\t\t<\/div>\n\t\t\t\t<\/div>\n\t\t\t\t<\/div>\n\t\t\t\t\t<\/div>\n\t\t<\/div>\n\t\t\t\t<div class=\"elementor-column elementor-col-33 elementor-inner-column elementor-element elementor-element-129376f\" data-id=\"129376f\" data-element_type=\"column\">\n\t\t\t<div class=\"elementor-widget-wrap elementor-element-populated\">\n\t\t\t\t\t\t\t\t<div class=\"elementor-element elementor-element-0c5fef8 elementor-widget elementor-widget-heading\" data-id=\"0c5fef8\" data-element_type=\"widget\" data-widget_type=\"heading.default\">\n\t\t\t\t<div class=\"elementor-widget-container\">\n\t\t\t<style>\/*! elementor - v3.6.3 - 12-04-2022 *\/\n.elementor-heading-title{padding:0;margin:0;line-height:1}.elementor-widget-heading .elementor-heading-title[class*=elementor-size-]>a{color:inherit;font-size:inherit;line-height:inherit}.elementor-widget-heading .elementor-heading-title.elementor-size-small{font-size:15px}.elementor-widget-heading .elementor-heading-title.elementor-size-medium{font-size:19px}.elementor-widget-heading .elementor-heading-title.elementor-size-large{font-size:29px}.elementor-widget-heading .elementor-heading-title.elementor-size-xl{font-size:39px}.elementor-widget-heading .elementor-heading-title.elementor-size-xxl{font-size:59px}<\/style><h2 class=\"elementor-heading-title elementor-size-default\">La UJED<\/h2>\t\t<\/div>\n\t\t\t\t<\/div>\n\t\t\t\t\t<\/div>\n\t\t<\/div>\n\t\t\t\t<div class=\"elementor-column elementor-col-33 elementor-inner-column elementor-element elementor-element-a468737\" data-id=\"a468737\" data-element_type=\"column\">\n\t\t\t<div class=\"elementor-widget-wrap elementor-element-populated\">\n\t\t\t\t\t\t\t\t<div class=\"elementor-element elementor-element-2121411 elementor-widget-divider--view-line elementor-widget elementor-widget-divider\" data-id=\"2121411\" data-element_type=\"widget\" data-widget_type=\"divider.default\">\n\t\t\t\t<div class=\"elementor-widget-container\">\n\t\t\t\t\t<div class=\"elementor-divider\">\n\t\t\t<span class=\"elementor-divider-separator\">\n\t\t\t\t\t\t<\/span>\n\t\t<\/div>\n\t\t\t\t<\/div>\n\t\t\t\t<\/div>\n\t\t\t\t\t<\/div>\n\t\t<\/div>\n\t\t\t\t\t\t\t<\/div>\n\t\t<\/section>\n\t\t\t\t<div class=\"elementor-element elementor-element-d9ea46b elementor-widget elementor-widget-spacer\" data-id=\"d9ea46b\" data-element_type=\"widget\" data-widget_type=\"spacer.default\">\n\t\t\t\t<div class=\"elementor-widget-container\">\n\t\t\t<style>\/*! elementor - v3.6.3 - 12-04-2022 *\/\n.e-container.e-container--row .elementor-spacer-inner{width:var(--spacer-size)}.e-container.e-container--column .elementor-spacer-inner,.elementor-column .elementor-spacer-inner{height:var(--spacer-size)}<\/style>\t\t<div class=\"elementor-spacer\">\n\t\t\t<div class=\"elementor-spacer-inner\"><\/div>\n\t\t<\/div>\n\t\t\t\t<\/div>\n\t\t\t\t<\/div>\n\t\t\t\t\t<\/div>\n\t\t<\/div>\n\t\t\t\t\t\t\t<\/div>\n\t\t<\/section>\n\t\t\t\t<section class=\"elementor-section elementor-top-section elementor-element elementor-element-a6f80b9 elementor-section-boxed elementor-section-height-default elementor-section-height-default\" data-id=\"a6f80b9\" data-element_type=\"section\">\n\t\t\t\t\t\t<div class=\"elementor-container elementor-column-gap-default\">\n\t\t\t\t\t<div class=\"elementor-column elementor-col-100 elementor-top-column elementor-element elementor-element-fe5ff04\" data-id=\"fe5ff04\" data-element_type=\"column\">\n\t\t\t<div class=\"elementor-widget-wrap elementor-element-populated\">\n\t\t\t\t\t\t\t\t<div class=\"elementor-element elementor-element-70b4459 elementor-widget elementor-widget-heading\" data-id=\"70b4459\" data-element_type=\"widget\" data-widget_type=\"heading.default\">\n\t\t\t\t<div class=\"elementor-widget-container\">\n\t\t\t<h2 class=\"elementor-heading-title elementor-size-default\">Sobre la Universidad Ju\u00e1rez del Estado de Durango - UJED<\/h2>\t\t<\/div>\n\t\t\t\t<\/div>\n\t\t\t\t<div class=\"elementor-element elementor-element-833285b elementor-widget elementor-widget-text-editor\" data-id=\"833285b\" data-element_type=\"widget\" data-widget_type=\"text-editor.default\">\n\t\t\t\t<div class=\"elementor-widget-container\">\n\t\t\t<style>\/*! elementor - v3.6.3 - 12-04-2022 *\/\n.elementor-widget-text-editor.elementor-drop-cap-view-stacked .elementor-drop-cap{background-color:#818a91;color:#fff}.elementor-widget-text-editor.elementor-drop-cap-view-framed .elementor-drop-cap{color:#818a91;border:3px solid;background-color:transparent}.elementor-widget-text-editor:not(.elementor-drop-cap-view-default) .elementor-drop-cap{margin-top:8px}.elementor-widget-text-editor:not(.elementor-drop-cap-view-default) .elementor-drop-cap-letter{width:1em;height:1em}.elementor-widget-text-editor .elementor-drop-cap{float:left;text-align:center;line-height:1;font-size:50px}.elementor-widget-text-editor .elementor-drop-cap-letter{display:inline-block}<\/style>\t\t\t\t<p>La Universidad Ju\u00e1rez del Estado de Durango (UJED) es una de las instituciones de educaci\u00f3n superior m\u00e1s importantes de la regi\u00f3n norte de M\u00e9xico. Fue fundada en 1956 y lleva el nombre del ilustre presidente mexicano, Benito Ju\u00e1rez.<\/p><p>La UJED se ha destacado por ser una universidad comprometida con la excelencia acad\u00e9mica y la formaci\u00f3n integral de sus estudiantes. Ofrece una amplia variedad de programas educativos en \u00e1reas como ingenier\u00eda, ciencias sociales, humanidades, salud y ciencias econ\u00f3mico administrativas.<\/p><p>A lo largo de su historia, la UJED ha contribuido significativamente al desarrollo de la sociedad duranguense y ha generado un impacto positivo en la regi\u00f3n. La universidad tambi\u00e9n deja huella a trav\u00e9s de proyectos de investigaci\u00f3n y de extensi\u00f3n universitaria, cuenta con una gran cantidad de egresados que han destacado en diversos \u00e1mbitos profesionales y han contribuido al crecimiento econ\u00f3mico y social de Durango y de M\u00e9xico.<\/p><p>Adem\u00e1s, la UJED ha establecido importantes convenios de colaboraci\u00f3n con instituciones educativas de otros pa\u00edses, lo que ha permitido la movilidad de estudiantes y profesores, y ha fomentado la internacionalizaci\u00f3n de la universidad.<\/p><p>En resumen, la Universidad Ju\u00e1rez del Estado de Durango es una instituci\u00f3n de educaci\u00f3n superior con una larga historia y una importante contribuci\u00f3n al desarrollo de la sociedad duranguense y del pa\u00eds. La UJED se destaca por su compromiso con la excelencia acad\u00e9mica, liderazgo en la formaci\u00f3n de profesionales y la formaci\u00f3n integral de sus estudiantes, as\u00ed como por su visi\u00f3n global e internacional.<\/p>\t\t\t\t\t\t<\/div>\n\t\t\t\t<\/div>\n\t\t\t\t<div class=\"elementor-element elementor-element-7629631 elementor-widget-divider--view-line elementor-widget elementor-widget-divider\" data-id=\"7629631\" data-element_type=\"widget\" data-widget_type=\"divider.default\">\n\t\t\t\t<div class=\"elementor-widget-container\">\n\t\t\t\t\t<div class=\"elementor-divider\">\n\t\t\t<span class=\"elementor-divider-separator\">\n\t\t\t\t\t\t<\/span>\n\t\t<\/div>\n\t\t\t\t<\/div>\n\t\t\t\t<\/div>\n\t\t\t\t<div class=\"elementor-element elementor-element-20c19e5 elementor-widget elementor-widget-heading\" data-id=\"20c19e5\" data-element_type=\"widget\" data-widget_type=\"heading.default\">\n\t\t\t\t<div class=\"elementor-widget-container\">\n\t\t\t<h2 class=\"elementor-heading-title elementor-size-default\">Sobre la Facultad de Econom\u00eda, Contadur\u00eda y Administraci\u00f3n <\/h2>\t\t<\/div>\n\t\t\t\t<\/div>\n\t\t\t\t<div class=\"elementor-element elementor-element-5856247 elementor-widget elementor-widget-text-editor\" data-id=\"5856247\" data-element_type=\"widget\" data-widget_type=\"text-editor.default\">\n\t\t\t\t<div class=\"elementor-widget-container\">\n\t\t\t\t\t\t\t<p>La Facultad de Econom\u00eda, Contadur\u00eda y Administraci\u00f3n (FECA) de la Universidad Ju\u00e1rez del Estado de Durango (UJED) se fund\u00f3 el 12 de junio de 1958, con el objetivo de formar profesionales en el \u00e1rea de negocios y la administraci\u00f3n p\u00fablica. En sus primeros a\u00f1os, la Facultad tuvo una estructura curricular enfocada en la contabilidad y la administraci\u00f3n de empresas, y en 2007 se agreg\u00f3 la carrera de Econom\u00eda.<\/p>\n<p>En 1972, la Facultad de Econom\u00eda, Contadur\u00eda y Administraci\u00f3n se traslad\u00f3 a su sede actual, en un edificio construido para ese fin dentro del campus universitario de la UJED. A partir de entonces, la Facultad ha ampliado su oferta educativa, incorporando nuevas carreras y programas de posgrado en el \u00e1rea de la econom\u00eda, la contadur\u00eda y la administraci\u00f3n.<\/p>\n<p>La Facultad ha tenido una larga trayectoria en la formaci\u00f3n de profesionales altamente capacitados en su \u00e1rea de estudio, que han contribuido al desarrollo econ\u00f3mico y social del estado de Durango y del pa\u00eds en general. Adem\u00e1s, la Facultad fomenta la investigaci\u00f3n y la difusi\u00f3n del conocimiento en su campo, a trav\u00e9s de la realizaci\u00f3n de congresos, seminarios, publicaciones y otras actividades acad\u00e9micas de nuestros profesores.<\/p>\t\t\t\t\t\t<\/div>\n\t\t\t\t<\/div>\n\t\t\t\t<div class=\"elementor-element elementor-element-4641d38 elementor-widget elementor-widget-image\" data-id=\"4641d38\" data-element_type=\"widget\" data-widget_type=\"image.default\">\n\t\t\t\t<div class=\"elementor-widget-container\">\n\t\t\t<style>\/*! elementor - v3.6.3 - 12-04-2022 *\/\n.elementor-widget-image{text-align:center}.elementor-widget-image a{display:inline-block}.elementor-widget-image a img[src$=\".svg\"]{width:48px}.elementor-widget-image img{vertical-align:middle;display:inline-block}<\/style>\t\t\t\t\t\t\t\t\t\t\t\t<img width=\"1280\" height=\"884\" src=\"https:\/\/www.internationalfinanceconference.com\/ifc2023\/wp-content\/uploads\/12\/2023\/06\/feca_ujed.jpeg\" class=\"attachment-2048x2048 size-2048x2048\" alt=\"\" srcset=\"https:\/\/www.internationalfinanceconference.com\/ifc2023\/wp-content\/uploads\/12\/2023\/06\/feca_ujed-300x207.jpeg 300w, https:\/\/www.internationalfinanceconference.com\/ifc2023\/wp-content\/uploads\/12\/2023\/06\/feca_ujed-768x530.jpeg 768w, https:\/\/www.internationalfinanceconference.com\/ifc2023\/wp-content\/uploads\/12\/2023\/06\/feca_ujed-1024x707.jpeg 1024w, https:\/\/www.internationalfinanceconference.com\/ifc2023\/wp-content\/uploads\/12\/2023\/06\/feca_ujed.jpeg 1280w\" sizes=\"100vw\" \/>\t\t\t\t\t\t\t\t\t\t\t\t\t\t\t<\/div>\n\t\t\t\t<\/div>\n\t\t\t\t\t<\/div>\n\t\t<\/div>\n\t\t\t\t\t\t\t<\/div>\n\t\t<\/section>\n\t\t\t\t\t\t\t<\/div>\n\t\t","protected":false},"excerpt":{"rendered":"<p>La UJED Sobre la Universidad Ju\u00e1rez del Estado de Durango &#8211; UJED La Universidad Ju\u00e1rez del Estado de Durango (UJED) es una de las instituciones de educaci\u00f3n superior m\u00e1s importantes de la regi\u00f3n norte de M\u00e9xico. Fue fundada en 1956 y lleva el nombre del ilustre presidente mexicano, Benito Ju\u00e1rez. La UJED se ha destacado &hellip; <\/p>\n<p class=\"link-more\"><a href=\"https:\/\/www.internationalfinanceconference.com\/ifc2023\/sobre-la-ujed\/\" class=\"more-link\">Segu\u00ed leyendo<span class=\"screen-reader-text\"> &#8220;Sobre la UJED&#8221;<\/span><\/a><\/p>\n","protected":false},"author":5,"featured_media":0,"parent":0,"menu_order":0,"comment_status":"closed","ping_status":"closed","template":"elementor_header_footer","meta":[],"_links":{"self":[{"href":"https:\/\/www.internationalfinanceconference.com\/ifc2023\/wp-json\/wp\/v2\/pages\/280"}],"collection":[{"href":"https:\/\/www.internationalfinanceconference.com\/ifc2023\/wp-json\/wp\/v2\/pages"}],"about":[{"href":"https:\/\/www.internationalfinanceconference.com\/ifc2023\/wp-json\/wp\/v2\/types\/page"}],"author":[{"embeddable":true,"href":"https:\/\/www.internationalfinanceconference.com\/ifc2023\/wp-json\/wp\/v2\/users\/5"}],"replies":[{"embeddable":true,"href":"https:\/\/www.internationalfinanceconference.com\/ifc2023\/wp-json\/wp\/v2\/comments?post=280"}],"version-history":[{"count":25,"href":"https:\/\/www.internationalfinanceconference.com\/ifc2023\/wp-json\/wp\/v2\/pages\/280\/revisions"}],"predecessor-version":[{"id":322,"href":"https:\/\/www.internationalfinanceconference.com\/ifc2023\/wp-json\/wp\/v2\/pages\/280\/revisions\/322"}],"wp:attachment":[{"href":"https:\/\/www.internationalfinanceconference.com\/ifc2023\/wp-json\/wp\/v2\/media?parent=280"}],"curies":[{"name":"wp","href":"https:\/\/api.w.org\/{rel}","templated":true}]}}